{"id":170,"date":"2023-02-02T08:23:58","date_gmt":"2023-02-02T07:23:58","guid":{"rendered":"https:\/\/zen2050.mqportails.online\/?page_id=170"},"modified":"2023-02-02T08:54:12","modified_gmt":"2023-02-02T07:54:12","slug":"le-projet-de-geothermie-vallee-sud","status":"publish","type":"page","link":"https:\/\/zen2050.mqportails.online\/index.php\/les-projets\/le-projet-de-geothermie-vallee-sud\/","title":{"rendered":"Le projet de g\u00e9othermie Vall\u00e9e Sud"},"content":{"rendered":"\n<div class=\"wp-block-media-text alignwide has-media-on-the-right is-stacked-on-mobile\" style=\"grid-template-columns:auto 38%\"><div class=\"wp-block-media-text__content\">\n<p>\"De l\u2019eau chaude sous nos pieds\u2026\"<\/p>\n\n\n\n<p>Sous l\u2019\u00cele de France,<br>LE DOGGER,<br>Une couche de craie satur\u00e9e<br>EN EAU CHAUDE<\/p>\n\n\n\n<p>Il suffit de creuser \u00e0 1800 m !<\/p>\n<\/div><figure class=\"wp-block-media-text__media\"><img decoding=\"async\" width=\"1000\" height=\"645\" src=\"https:\/\/i0.wp.com\/zen2050.mqportails.online\/wp-content\/uploads\/2023\/02\/geothermeie1.jpg?resize=1000%2C645&#038;ssl=1\" alt=\"\" class=\"wp-image-171 size-full\" srcset=\"https:\/\/i0.wp.com\/zen2050.mqportails.online\/wp-content\/uploads\/2023\/02\/geothermeie1.jpg?w=1000&amp;ssl=1 1000w, https:\/\/i0.wp.com\/zen2050.mqportails.online\/wp-content\/uploads\/2023\/02\/geothermeie1.jpg?resize=300%2C194&amp;ssl=1 300w, https:\/\/i0.wp.com\/zen2050.mqportails.online\/wp-content\/uploads\/2023\/02\/geothermeie1.jpg?resize=768%2C495&amp;ssl=1 768w, https:\/\/i0.wp.com\/zen2050.mqportails.online\/wp-content\/uploads\/2023\/02\/geothermeie1.jpg?resize=600%2C387&amp;ssl=1 600w\" sizes=\"(max-width: 1000px) 100vw, 1000px\" data-recalc-dims=\"1\" \/><\/figure><\/div>\n\n\n\n<figure class=\"wp-block-image aligncenter size-large\"><img decoding=\"async\" width=\"1024\" height=\"279\" src=\"https:\/\/i0.wp.com\/zen2050.mqportails.online\/wp-content\/uploads\/2023\/02\/geothermeie2.jpg?resize=1024%2C279&#038;ssl=1\" alt=\"\" class=\"wp-image-172\" srcset=\"https:\/\/i0.wp.com\/zen2050.mqportails.online\/wp-content\/uploads\/2023\/02\/geothermeie2.jpg?resize=1024%2C279&amp;ssl=1 1024w, https:\/\/i0.wp.com\/zen2050.mqportails.online\/wp-content\/uploads\/2023\/02\/geothermeie2.jpg?resize=300%2C82&amp;ssl=1 300w, https:\/\/i0.wp.com\/zen2050.mqportails.online\/wp-content\/uploads\/2023\/02\/geothermeie2.jpg?resize=768%2C209&amp;ssl=1 768w, https:\/\/i0.wp.com\/zen2050.mqportails.online\/wp-content\/uploads\/2023\/02\/geothermeie2.jpg?resize=600%2C163&amp;ssl=1 600w, https:\/\/i0.wp.com\/zen2050.mqportails.online\/wp-content\/uploads\/2023\/02\/geothermeie2.jpg?w=1183&amp;ssl=1 1183w\" sizes=\"(max-width: 1024px) 100vw, 1024px\" data-recalc-dims=\"1\" \/><\/figure>\n\n\n\n<p>Il reste \"sous\" Bourg la reine, Fontenay aux Roses et Sceaux de la place pour d\u00e9ployer un r\u00e9seau de chaleur g\u00e9othermale<\/p>\n\n\n\n<p>Convaincre de lancer une pr\u00e9-\u00e9tude ; c\u2019est fait !<br>Une pr\u00e9-\u00e9tude a \u00e9t\u00e9 conduite par le Territoire, un projet sur Bourg la Reine, Fontenay aux Roses sud et Sceaux semble tout \u00e0 fait envisageable<\/p>\n\n\n\n<p>Aider \u00e0 acc\u00e9l\u00e9rer le mouvement ; c\u2019est en cours\u2026<\/p>\n\n\n\n<ul>\n<li>Offre de service aux collectivit\u00e9s d\u00e9cisionnaires<\/li>\n\n\n\n<li>Mobilisation d\u2019associations partenaires&nbsp; sur les communes concern\u00e9es<\/li>\n\n\n\n<li>Mobilisation de lyc\u00e9ens ou \u00e9tudiants de sites \u00e9ducatifs \"gros contributeurs\"&nbsp;en \u00e9missions de G.E.S., ou anciens gros contributeurs<\/li>\n<\/ul>\n\n\n\n<p>Vous avez des id\u00e9es, des comp\u00e9tences pour contribuer \u00e0 ce projet, rejoignez-nous.<\/p>\n\n\n\n<p>Vous aimeriez en savoir plus, assister \u00e0 une pr\u00e9sentation, <a href=\"https:\/\/zen2050.mqportails.online\/index.php\/contact\/\" title=\"contactez-nous\">contactez-nous<\/a>.<\/p>\n","protected":false},"excerpt":{"rendered":"<p>\"De l\u2019eau chaude sous nos pieds\u2026\" Sous l\u2019\u00cele de France,LE DOGGER,Une couche de craie satur\u00e9eEN EAU CHAUDE Il suffit de creuser \u00e0 1800 m ! Il reste \"sous\" Bourg la reine, Fontenay aux Roses et Sceaux de la place pour d\u00e9ployer un r\u00e9seau de chaleur g\u00e9othermale Convaincre de lancer une pr\u00e9-\u00e9tude ; c\u2019est fait !Une [&hellip;]<\/p>\n","protected":false},"author":1,"featured_media":0,"parent":44,"menu_order":3,"comment_status":"closed","ping_status":"closed","template":"","meta":[],"jetpack-related-posts":[{"id":44,"url":"https:\/\/zen2050.mqportails.online\/index.php\/les-projets\/","url_meta":{"origin":170,"position":0},"title":"Nos projets","date":"18\/01\/2023","format":false,"excerpt":"Notre association Zen 2050 porte actuellement plusieurs projets. La cam\u00e9ra thermique Sous forme de balade dans votre quartier, observez les fuites thermiques de votre logement et des autres b\u00e2timents. Un bilan global sera pr\u00e9sent\u00e9 le 13 Mai 2023. Des pistes sur les plans d'action possibles seront d\u00e9battues et propos\u00e9es Le\u2026","rel":"","context":"Article similaire","img":{"alt_text":"","src":"https:\/\/i0.wp.com\/zen2050.mqportails.online\/wp-content\/uploads\/2023\/02\/geothermeie1.jpg?resize=350%2C200&ssl=1","width":350,"height":200},"classes":[]},{"id":435,"url":"https:\/\/zen2050.mqportails.online\/index.php\/menstions-legales\/","url_meta":{"origin":170,"position":1},"title":"Mentions l\u00e9gales","date":"15\/03\/2023","format":false,"excerpt":"\u00c9dition du site Internet Le site Zen 2050 Maintenant (ci-apr\u00e8s \u00ab le Site \u00bb), accessible \u00e0 l\u2019adresse https:\/\/zen2050maintenant.org est\u00e9dit\u00e9 par l\u2019association du m\u00eame nom, Association r\u00e9gie par la Loi du 1er juillet 1901,dont le si\u00e8ge social est situ\u00e9 <adresse>SIRET <?> R\u00e9daction du site Internet Directeur de la publication : pr\u00e9sident\u2026","rel":"","context":"Article similaire","img":{"alt_text":"","src":"","width":0,"height":0},"classes":[]}],"_links":{"self":[{"href":"https:\/\/zen2050.mqportails.online\/index.php\/wp-json\/wp\/v2\/pages\/170"}],"collection":[{"href":"https:\/\/zen2050.mqportails.online\/index.php\/wp-json\/wp\/v2\/pages"}],"about":[{"href":"https:\/\/zen2050.mqportails.online\/index.php\/wp-json\/wp\/v2\/types\/page"}],"author":[{"embeddable":true,"href":"https:\/\/zen2050.mqportails.online\/index.php\/wp-json\/wp\/v2\/users\/1"}],"replies":[{"embeddable":true,"href":"https:\/\/zen2050.mqportails.online\/index.php\/wp-json\/wp\/v2\/comments?post=170"}],"version-history":[{"count":4,"href":"https:\/\/zen2050.mqportails.online\/index.php\/wp-json\/wp\/v2\/pages\/170\/revisions"}],"predecessor-version":[{"id":186,"href":"https:\/\/zen2050.mqportails.online\/index.php\/wp-json\/wp\/v2\/pages\/170\/revisions\/186"}],"up":[{"embeddable":true,"href":"https:\/\/zen2050.mqportails.online\/index.php\/wp-json\/wp\/v2\/pages\/44"}],"wp:attachment":[{"href":"https:\/\/zen2050.mqportails.online\/index.php\/wp-json\/wp\/v2\/media?parent=170"}],"curies":[{"name":"wp","href":"https:\/\/api.w.org\/{rel}","templated":true}]}}