{"id":247,"date":"2023-02-14T07:06:52","date_gmt":"2023-02-14T06:06:52","guid":{"rendered":"https:\/\/zen2050.mqportails.online\/?page_id=247"},"modified":"2023-03-31T06:41:56","modified_gmt":"2023-03-31T04:41:56","slug":"la-journee-du-13-mai","status":"publish","type":"page","link":"https:\/\/zen2050.mqportails.online\/index.php\/blog\/la-journee-du-13-mai\/","title":{"rendered":"La journ\u00e9e du 13 Mai"},"content":{"rendered":"\n<p>Toute la journ\u00e9e \u00e0 Sceaux, rencontrez les associations, assistez \u00e0 des conf\u00e9rences, \u00e9changez. Et une bonne occasion de participer \u00e0 des ateliers ludiques.<\/p>\n\n\n\n<p><\/p>\n\n\n\n<p class=\"has-large-font-size\" id=\"block-77994210-987a-4ade-a8d2-158a16c092a9\"><strong>Choisissez votre atelier<\/strong><\/p>\n\n\n\n<p id=\"block-43c696dd-9645-4caf-be02-e801d62d4fd0\">Su vous acceptez de vous inscrire, vous devez bien s\u00fbr donner un email et optionnellement une identit\u00e9, l'usage de ces donn\u00e9es est d\u00e9crit dans notre politique de gestion du consentement. Renseignez au mieux le formulaire, en indiquant notamment s'il s'agit d'un enfant (son pr\u00e9nom) ou si vous \u00eates \u00e9tudiant (\u00e9cole).<\/p>\n\n\n\n<p id=\"block-dd164ca0-1d3f-4034-9105-da8d25077b10\">Votre inscription sera not\u00e9e \"en attente\" puis sera confirm\u00e9e rapidement, en fonction du nombre de places.<\/p>\n\n\n\n<p>Vous pouvez vous inscrire d\u00e8s maintenant. Quelques jours avant le 13 Mai, vous recevrez un rappel qui vous demandera confirmation (implicitement) ou si vous souhaitez annuler, donc n'h\u00e9sitez pas \u00e0 vous pr\u00e9-inscrire d\u00e8s aujourd'hui.<\/p>\n\n\n\t\t<form id=\"bookacti-form-13-752707382\" class=\"bookacti-booking-form bookacti-booking-form-13 \" autocomplete=\"off\" >\r\n\t\t\t\t<input type='hidden' name='form_id' value='13'\/>\r\n\t\t\t<input type='hidden' name='action' value='bookactiSubmitBookingForm'\/>\r\n\t\t\t<div class='bookacti-form-field-container bookacti-form-field-name-calendar bookacti-form-field-type-calendar bookacti-form-field-id-53' id='bookacti-form-field-calendar-53-form-13-752707382' data-field-name=\"calendar\" data-field-type=\"calendar\" data-field-id=\"53\">\r\n\t\t\t<div class='bookacti-form-field-content' >\r\n\t\t\n\t<div class='bookacti-booking-system-container' id='bookacti-booking-system-form-13-752707382-container' >\n\t\t<script>\n\t\t\t\/\/ Compatibility with Optimization plugins\n\t\t\tif( typeof bookacti === 'undefined' ) { var bookacti = { booking_system:[] }; }\n\t\t\tbookacti.booking_system[ 'bookacti-booking-system-form-13-752707382' ] = {\"events\":[],\"events_data\":[],\"events_interval\":{\"start\":\"2026-05-01 18:34:26\",\"end\":\"2026-05-01 18:34:26\"},\"events_min_interval\":[],\"bookings\":[],\"groups_bookings\":[],\"booking_lists\":[],\"activities_data\":[],\"groups_events\":[],\"groups_data\":[],\"group_categories_data\":[],\"no_events\":0,\"id\":\"bookacti-booking-system-form-13-752707382\",\"class\":\"\",\"hide_availability\":100,\"calendars\":[6],\"activities\":[32,21,24,30,29,31,33,27,28,34],\"group_categories\":[\"none\"],\"groups_only\":0,\"groups_single_events\":0,\"multiple_bookings\":0,\"bookings_only\":0,\"tooltip_booking_list\":0,\"tooltip_booking_list_columns\":[\"booking_id\",\"status\",\"payment_status\",\"quantity\",\"customer_display_name\"],\"status\":[],\"user_id\":0,\"method\":\"calendar\",\"auto_load\":0,\"start\":\"2026-05-01 18:34:26\",\"end\":\"\",\"trim\":1,\"past_events\":0,\"past_events_bookable\":0,\"days_off\":[],\"check_roles\":1,\"picked_events\":[],\"form_id\":13,\"form_action\":\"default\",\"when_perform_form_action\":\"on_submit\",\"redirect_url_by_activity\":[],\"redirect_url_by_group_category\":[],\"display_data\":{\"slotMinTime\":\"08:00\",\"slotMaxTime\":\"19:00\",\"height\":\"\",\"contentHeight\":\"\",\"aspectRatio\":\"\",\"slotDuration\":\"00:30\",\"scrollTime\":\"00:00\",\"moreLinkClick\":\"popover\",\"handleWindowResize\":1,\"initialView\":{\"2000\":\"timeGridDay\"},\"availableViews\":[\"listDay\"],\"flexibleViewsDayCount\":3,\"multipleMonthsViewsDuration\":2,\"navLinks\":0,\"weekNumbers\":1,\"nowIndicator\":0,\"hiddenDays\":[],\"slotEventOverlap\":0,\"dayMaxEvents\":0,\"showNonCurrentDates\":0},\"tooltip_event_info\":1,\"hide_timepicker\":\"never\"};\n\t\t<\/script>\n\t\t\t\t\n\t\t<div class='bookacti-booking-system-inputs'>\n\t\t\t<!-- Backward compatibility -->\n\t\t\t<input type='hidden' name='bookacti_group_id' value='0' \/>\n\t\t\t<input type='hidden' name='bookacti_event_id' value='' \/>\n\t\t\t<input type='hidden' name='bookacti_event_start' value='' \/>\n\t\t\t<input type='hidden' name='bookacti_event_end' value='' \/>\n\t\t\t\t\t<\/div>\n\t\t\n\t\t\t\t\n\t\t<div id='bookacti-booking-system-form-13-752707382' class='bookacti-booking-system ' >\n\t\t\t\t\t<div class='bookacti-calendar-title bookacti-booking-system-title'>\n\t\t\tChoisissez un \u00e9v\u00e8nement sur le calendrier\u00a0:\t\t<\/div>\n\t\t<div class='bookacti-calendar'><\/div>\n\t\t\t<\/div>\n\t\t\n\t\t\t\t\n\t\t<div class='bookacti-picked-events' style='display:none;' >\n\t\t\t<div class='bookacti-picked-events-list-title' ><\/div>\n\t\t\t<ul class='bookacti-picked-events-list bookacti-custom-scrollbar' >\n\t\t\t\t\t\t\t<\/ul>\n\t\t<\/div>\n\t\t\n\t\t<div class='bookacti-notices' style='display:none;' >\n\t\t\t\t\t<\/div>\n\t\t\n\t\t<div class='bookacti-tooltips-container'>\n\t\t\t\t\t<\/div>\n\t\t\n\t\t\t<\/div>\n\t<div id='bookacti-booking-system-form-13-752707382-dialogs' class='bookacti-booking-system-dialogs' >\n\t\t\t<!-- Choose a group of events -->\n\t<div id='bookacti-booking-system-form-13-752707382-choose-group-of-events-dialog' \n\t\t data-booking-system-id='bookacti-booking-system-form-13-752707382' \n\t\t class='bookacti-backend-dialog bookacti-choose-group-of-events-dialog bookacti-booking-system-dialog' \n\t\t title='Cet \u00e9v\u00e8nement est disponible dans plusieurs groupes' \n\t\t style='display:none;' >\n\t\tQuel groupe d&#039;\u00e9v\u00e8nements voulez-vous s\u00e9lectionner&nbsp;?\t\t<div id='bookacti-booking-system-form-13-752707382-groups-of-events-list' class='bookacti-groups-of-events-list' ><\/div>\n\t<\/div>\n\n\t\t<\/div>\n\t\t\t<\/div>\r\n\t<\/div>\r\n\t<div class='bookacti-form-field-container bookacti-form-field-name-login bookacti-form-field-type-login bookacti-form-field-id-54 bookacti-user-is-not-logged-in' id='bookacti-form-field-login-54-form-13-752707382' data-field-name=\"login\" data-field-type=\"login\" data-field-id=\"54\">\r\n\t\t\t\t<div class='bookacti-form-field-login-field-container bookacti-login-field-login-type bookacti-custom-radio-button-container bookacti-login-types-hidden' data-field-name='login_type'>\r\n\t\t\t\t\t\t<div class='bookacti-login-type-container bookacti-custom-radio-button bookacti-login-type-no_account' data-separator='ou'>\r\n\t\t\t\t\t<input type='radio' name='login_type' value='no_account' id='bookacti-form-13-752707382-login-type-no_account' required  checked='checked'\/>\r\n\t\t\t\t\t<label for='bookacti-form-13-752707382-login-type-no_account' \r\n\t\t\t\t\t\t   \r\n\t\t\t\t\t>\r\n\t\t\t\t\tR\u00e9server sans compte\t\t\t\t\t<\/label>\r\n\t\t\t\t<\/div>\r\n\t\t\t\t\t\t\t<\/div>\r\n\t\t\t\t<div class='bookacti-user-data-fields'>\r\n\t\t\t<div class='bookacti-log-in-fields'>\r\n\t\t\t\t\t\t\t\t<div class='bookacti-form-field-login-field-container bookacti-login-field-email' id='bookacti-form-field-login-54-form-13-752707382-email-container' data-field-name='email' data-field-type='email'>\r\n\t\t\t\t\t<div class='bookacti-form-field-label' >\r\n\t\t\t\t\t\t<label for='bookacti-form-field-login-54-form-13-752707382-email' >\r\n\t\t\t\t\t\tE-mail<span class=\"bookacti-required-field-indicator\" title=\"Champ obligatoire\"><\/span>\t\t\t\t\t\t<\/label>\r\n\t\t\t\t\t\t\t\t\t\t<\/div>\r\n\t\t\t\t\t<div class='bookacti-form-field-content' >\r\n\t\t\t\t\t\t\t<input type='email' \r\n\t\t\t\tname='email' \r\n\t\t\t\tvalue='' \r\n\t\t\t\tautocomplete='off'\r\n\t\t\t\tid='bookacti-form-field-login-54-form-13-752707382-email' \r\n\t\t\t\tclass='bookacti-input bookacti-form-field bookacti-email bookacti-required-field' \r\n\t\t\t\t\t\t\tplaceholder='' \r\n\t\t\t required\t\t\/>\r\n\t\t\t\t\t\t<\/div>\r\n\t\t\t\t\t\t\t\t\t<\/div>\r\n\t\t\t\t<div class='bookacti-form-field-login-field-container bookacti-login-field-password bookacti-password-not-required' id='bookacti-form-field-login-54-form-13-752707382-password-container' data-field-name='password' data-field-type='password'>\r\n\t\t\t\t\t<div class='bookacti-form-field-label' >\r\n\t\t\t\t\t\t<label for='bookacti-form-field-login-54-form-13-752707382-password' >\r\n\t\t\t\t\t\tMot de passe<span class=\"bookacti-required-field-indicator\" title=\"Champ obligatoire\"><\/span>\t\t\t\t\t\t<\/label>\r\n\t\t\t\t\t\t\t\t\t\t<\/div>\r\n\t\t\t\t\t<div class='bookacti-form-field-content' >\r\n\t\t\t\t\t\t\t<input type='password' \r\n\t\t\t\tname='password' \r\n\t\t\t\tvalue='' \r\n\t\t\t\tautocomplete='off'\r\n\t\t\t\tid='bookacti-form-field-login-54-form-13-752707382-password' \r\n\t\t\t\tclass='bookacti-input bookacti-form-field bookacti-password' \r\n\t\t\t\t\t\t\tplaceholder='' \r\n\t\t\t\t\t\/>\r\n\t\t\t\t\t\t\t\t<div class='bookacti-password-strength' style='display:none;'>\r\n\t\t\t\t\t\t\t\t<span class='bookacti-password-strength-meter'><\/span>\r\n\t\t\t\t\t\t\t\t<input type='hidden' name='password_strength' class='bookacti-password_strength' value='0' min='4' \/>\r\n\t\t\t\t\t\t\t<\/div>\r\n\t\t\t\t\t\t\t\t\t\t\t\t<\/div>\r\n\t\t\t\t\t\t\t\t\t<\/div>\r\n\t\t\t\t\t\t\t<\/div>\r\n\t\t\t\t\t\t\t\t<div class='bookacti-register-fields' id='bookacti-form-field-login-54-form-13-752707382-register-fields' style='display:none;' >\r\n\t\t\t\t\t\t\t\t\t\t\t\t\t\t<div class='bookacti-form-field-login-field-container bookacti-login-field-first_name' id='bookacti-form-field-login-54-form-13-752707382-first_name-container' data-field-name='first_name' data-field-type='text'>\r\n\t\t\t\t\t\t\t\t\t\t\t\t\t\t\t\t\t\t\t<div class='bookacti-form-field-label' >\r\n\t\t\t\t\t\t\t\t\t\t\t<label for='bookacti-form-field-login-54-form-13-752707382-first_name' >\r\n\t\t\t\t\t\t\t\t\t\t\tPr\u00e9nom\t\t\t\t\t\t\t\t\t\t\t<\/label>\r\n\t\t\t\t\t\t\t\t\t\t\t\t\t\t\t\t\t\t\t\t<\/div>\r\n\t\t\t\t\t\t\t\t\t\t\t\t\t\t\t\t\t\t<div class='bookacti-form-field-content' >\r\n\t\t\t\t\t\t\t\t\t\t\t<input type='text' \r\n\t\t\t\tname='first_name' \r\n\t\t\t\tvalue='' \r\n\t\t\t\tautocomplete='off'\r\n\t\t\t\tid='bookacti-form-field-login-54-form-13-752707382-first_name' \r\n\t\t\t\tclass='bookacti-input bookacti-form-field bookacti-first_name' \r\n\t\t\t\t\t\t\tplaceholder='' \r\n\t\t\t\t\t\/>\r\n\t\t\t\t\t\t\t\t\t\t<\/div>\r\n\t\t\t\t\t\t\t\t\t\t\t\t\t\t\t\t\t<\/div>\r\n\t\t\t\t\t\t\t\t\t\t\t\t\t\t\t<div class='bookacti-form-field-login-field-container bookacti-login-field-last_name' id='bookacti-form-field-login-54-form-13-752707382-last_name-container' data-field-name='last_name' data-field-type='text'>\r\n\t\t\t\t\t\t\t\t\t\t\t\t\t\t\t\t\t\t\t<div class='bookacti-form-field-label' >\r\n\t\t\t\t\t\t\t\t\t\t\t<label for='bookacti-form-field-login-54-form-13-752707382-last_name' >\r\n\t\t\t\t\t\t\t\t\t\t\tNom\t\t\t\t\t\t\t\t\t\t\t<\/label>\r\n\t\t\t\t\t\t\t\t\t\t\t\t\t\t\t\t\t\t\t\t<\/div>\r\n\t\t\t\t\t\t\t\t\t\t\t\t\t\t\t\t\t\t<div class='bookacti-form-field-content' >\r\n\t\t\t\t\t\t\t\t\t\t\t<input type='text' \r\n\t\t\t\tname='last_name' \r\n\t\t\t\tvalue='' \r\n\t\t\t\tautocomplete='off'\r\n\t\t\t\tid='bookacti-form-field-login-54-form-13-752707382-last_name' \r\n\t\t\t\tclass='bookacti-input bookacti-form-field bookacti-last_name' \r\n\t\t\t\t\t\t\tplaceholder='' \r\n\t\t\t\t\t\/>\r\n\t\t\t\t\t\t\t\t\t\t<\/div>\r\n\t\t\t\t\t\t\t\t\t\t\t\t\t\t\t\t\t<\/div>\r\n\t\t\t\t\t\t\t\t\t\t\t\t\t\t\t<div class='bookacti-form-field-login-field-container bookacti-login-field-phone' id='bookacti-form-field-login-54-form-13-752707382-phone-container' data-field-name='phone' data-field-type='tel'>\r\n\t\t\t\t\t\t\t\t\t\t\t\t\t\t\t\t\t\t\t<div class='bookacti-form-field-label' >\r\n\t\t\t\t\t\t\t\t\t\t\t<label for='bookacti-form-field-login-54-form-13-752707382-phone' >\r\n\t\t\t\t\t\t\t\t\t\t\tNum\u00e9ro de t\u00e9l\u00e9phone\t\t\t\t\t\t\t\t\t\t\t<\/label>\r\n\t\t\t\t\t\t\t\t\t\t\t\t\t\t\t\t\t\t\t\t<\/div>\r\n\t\t\t\t\t\t\t\t\t\t\t\t\t\t\t\t\t\t<div class='bookacti-form-field-content' >\r\n\t\t\t\t\t\t\t\t\t\t\t<input type='tel' \r\n\t\t\t\tname='phone' \r\n\t\t\t\tvalue='' \r\n\t\t\t\tautocomplete='off'\r\n\t\t\t\tid='bookacti-form-field-login-54-form-13-752707382-phone' \r\n\t\t\t\tclass='bookacti-input bookacti-form-field bookacti-phone' \r\n\t\t\t\t\t\t\tplaceholder='' \r\n\t\t\t\t\t\/>\r\n\t\t\t\t\t\t\t\t\t\t<\/div>\r\n\t\t\t\t\t\t\t\t\t\t\t\t\t\t\t\t\t<\/div>\r\n\t\t\t\t\t\t\t\t\t\t\t\t<\/div>\r\n\t\t\t\t\t\t<\/div>\r\n\t<\/div>\r\n\t\t<div class='bookacti-form-field-container bookacti-form-field-name-quantity bookacti-form-field-type-quantity bookacti-form-field-id-55' id='bookacti-form-field-quantity-55-form-13-752707382' data-field-name=\"quantity\" data-field-type=\"quantity\" data-field-id=\"55\">\r\n\t\t\t<div class='bookacti-form-field-label' >\r\n\t\t\t<label>\r\n\t\t\tQuantit\u00e9\t\t\t<\/label>\r\n\t\t\t\t<\/div>\r\n\t\t\t<div class='bookacti-form-field-content' >\r\n\t\t\t\t<input type='number' \r\n\t\t\t\tname='quantity' \r\n\t\t\t\tvalue='1' \r\n\t\t\t\tautocomplete='off'\r\n\t\t\t\tid='6b70e002a77ddd735f8c76e225c2e32c' \r\n\t\t\t\tclass='bookacti-input bookacti-form-field bookacti-quantity' \r\n\t\t\t\t\t\t\tplaceholder='' \r\n\t\t\t\t\t\t\tmin='1' \r\n\t\t\t\tmax=''\r\n\t\t\t\tstep=''\r\n\t\t\t\t\t\/>\r\n\t\t\t<\/div>\r\n\t<\/div>\r\n\t<div class='bookacti-form-field-container bookacti-form-field-name-submit bookacti-form-field-type-submit bookacti-form-field-id-56' id='bookacti-form-field-submit-56-form-13-752707382' data-field-name=\"submit\" data-field-type=\"submit\" data-field-id=\"56\">\r\n\t\t<input type='submit' class='bookacti-submit-form button' value='R\u00e9server'\/>\r\n\t\t<input type='button' class='bookacti-new-booking-button button' value='Faire une nouvelle r\u00e9servation' style='display:none;'\/>\r\n\t<\/div>\r\n\t\t\t\t<div class='bookacti-notices' style='display:none;'><\/div>\r\n\t\t\t<\/form>\r\n\t\n\n\n\n<p><\/p>\n\n\n\n<p>Les ateliers Fresque propos\u00e9s sont une sorte de \"serious game\" qui, en 3 heures et en petit groupe ont un objectif p\u00e9dagogique et mobilisateur. En voici la liste, avec le lien vers le site de pr\u00e9sentation:<\/p>\n\n\n\n<ul>\n<li><a href=\"https:\/\/fresqueduclimat.org\/wp-content\/uploads\/2019\/07\/FDC-plaquette-presentation-1.pdf\" target=\"_blank\" rel=\"noopener\" title=\"Fresque du Climat\">Fresque du Climat<\/a><\/li>\n\n\n\n<li><a href=\"https:\/\/www.fresquedunumerique.org\/\" target=\"_blank\" rel=\"noopener\" title=\"Fresque du Num\u00e9rique\">Fresque du Num\u00e9rique<\/a><\/li>\n\n\n\n<li><a href=\"https:\/\/fresquedelamobilite.org\/\" target=\"_blank\" rel=\"noopener\" title=\"Fresque de la Mobilit\u00e9\">Fresque de la Mobilit\u00e9<\/a><\/li>\n\n\n\n<li><a href=\"https:\/\/www.myco2.fr\/\" title=\"Atelier MyCO2\">Atelier MyCO2<\/a><\/li>\n\n\n\n<li><a href=\"https:\/\/www.2tonnes.org\/\" title=\"Atelier 2 tonnes\">Atelier 2 tonnes<\/a><\/li>\n\n\n\n<li><a href=\"https:\/\/www.nosviesbascarbone.org\/\" target=\"_blank\" rel=\"noopener\" title=\"Inventons nos vies bas carbone\">Inventons nos vies bas carbone<\/a><\/li>\n<\/ul>\n\n\n\n<p><\/p>\n","protected":false},"excerpt":{"rendered":"<p>Toute la journ\u00e9e \u00e0 Sceaux, rencontrez les associations, assistez \u00e0 des conf\u00e9rences, \u00e9changez. Et une bonne occasion de participer \u00e0 des ateliers ludiques. Choisissez votre atelier Su vous acceptez de vous inscrire, vous devez bien s\u00fbr donner un email et optionnellement une identit\u00e9, l'usage de ces donn\u00e9es est d\u00e9crit dans notre politique de gestion du [&hellip;]<\/p>\n","protected":false},"author":1,"featured_media":0,"parent":8,"menu_order":0,"comment_status":"closed","ping_status":"closed","template":"","meta":[],"jetpack-related-posts":[{"id":42,"url":"https:\/\/zen2050.mqportails.online\/index.php\/lassociation\/","url_meta":{"origin":247,"position":0},"title":"Nos actions","date":"18\/01\/2023","format":false,"excerpt":"Zen 2050, c'est Z\u00e9ro Emmision Nette de gazs \u00e0 effet se serre ne 2050. C'est un engagement de l'Union Europ\u00e9enne et de l'ONU. Zen2050maintenant est une association originaire du 92, pr\u00e9cis\u00e9ment de la communaut\u00e9 d'agglom\u00e9rations Vall\u00e9e Sud Grand Paris. Nous d\u00e9fendons des projets concrets, locaux en coh\u00e9rence avec les actions\u2026","rel":"","context":"Article similaire","img":{"alt_text":"","src":"","width":0,"height":0},"classes":[]},{"id":44,"url":"https:\/\/zen2050.mqportails.online\/index.php\/les-projets\/","url_meta":{"origin":247,"position":1},"title":"Nos projets","date":"18\/01\/2023","format":false,"excerpt":"Notre association Zen 2050 porte actuellement plusieurs projets. La cam\u00e9ra thermique Sous forme de balade dans votre quartier, observez les fuites thermiques de votre logement et des autres b\u00e2timents. Un bilan global sera pr\u00e9sent\u00e9 le 13 Mai 2023. Des pistes sur les plans d'action possibles seront d\u00e9battues et propos\u00e9es Le\u2026","rel":"","context":"Article similaire","img":{"alt_text":"","src":"https:\/\/i0.wp.com\/zen2050.mqportails.online\/wp-content\/uploads\/2023\/02\/geothermeie1.jpg?resize=350%2C200&ssl=1","width":350,"height":200},"classes":[]},{"id":196,"url":"https:\/\/zen2050.mqportails.online\/index.php\/evenements\/la-journee-du-14-mai\/","url_meta":{"origin":247,"position":2},"title":"La journ\u00e9e du 14 mai","date":"06\/02\/2023","format":false,"excerpt":"","rel":"","context":"Article similaire","img":{"alt_text":"","src":"","width":0,"height":0},"classes":[]},{"id":8,"url":"https:\/\/zen2050.mqportails.online\/index.php\/blog\/","url_meta":{"origin":247,"position":3},"title":"Nos \u00e9v\u00e8nements","date":"12\/01\/2023","format":false,"excerpt":"Journ\u00e9e du 13 mai L'\u00e9v\u00e8nement phare de notre premier semestre est l'organisation des journ\u00e9es de la transition et particuli\u00e8rement de la journ\u00e9e du 13 mai 2023. De nombreuses animations vous sont propos\u00e9es,l'occasion id\u00e9ale pour d\u00e9couvrir diff\u00e9rents sujets \u00e0 travers des contacts avec les associations ou les institutions pr\u00e9sentes. Et une\u2026","rel":"","context":"Article similaire","img":{"alt_text":"","src":"","width":0,"height":0},"classes":[]},{"id":6,"url":"https:\/\/zen2050.mqportails.online\/","url_meta":{"origin":247,"position":4},"title":"Notre mission","date":"12\/01\/2023","format":false,"excerpt":"La journ\u00e9e du 13 Mai 2023 \u00e0 Sceaux sera l'occasion pour vous de nous conna\u00eetre mieux, de rencontrer de nombreuses associations partenaires et de participer aux C\u00e9l\u00e8bres Fresques du Climat, du Num\u00e9rique et de la Mobilit\u00e9. Inscrivez-vous Zen 2050 maintenant D\u00e9carboner notre mode de vie Contribuer de mani\u00e8re significative \u00e0\u2026","rel":"","context":"Article similaire","img":{"alt_text":"","src":"https:\/\/i0.wp.com\/zen2050.mqportails.online\/wp-content\/uploads\/2023\/02\/capt1.jpg?resize=350%2C200&ssl=1","width":350,"height":200},"classes":[]},{"id":170,"url":"https:\/\/zen2050.mqportails.online\/index.php\/les-projets\/le-projet-de-geothermie-vallee-sud\/","url_meta":{"origin":247,"position":5},"title":"Le projet de g\u00e9othermie Vall\u00e9e Sud","date":"02\/02\/2023","format":false,"excerpt":"\"De l\u2019eau chaude sous nos pieds\u2026\" Sous l\u2019\u00cele de France,LE DOGGER,Une couche de craie satur\u00e9eEN EAU CHAUDE Il suffit de creuser \u00e0 1800 m ! Il reste \"sous\" Bourg la reine, Fontenay aux Roses et Sceaux de la place pour d\u00e9ployer un r\u00e9seau de chaleur g\u00e9othermale Convaincre de lancer une\u2026","rel":"","context":"Article similaire","img":{"alt_text":"","src":"https:\/\/i0.wp.com\/zen2050.mqportails.online\/wp-content\/uploads\/2023\/02\/geothermeie1.jpg?resize=350%2C200&ssl=1","width":350,"height":200},"classes":[]}],"_links":{"self":[{"href":"https:\/\/zen2050.mqportails.online\/index.php\/wp-json\/wp\/v2\/pages\/247"}],"collection":[{"href":"https:\/\/zen2050.mqportails.online\/index.php\/wp-json\/wp\/v2\/pages"}],"about":[{"href":"https:\/\/zen2050.mqportails.online\/index.php\/wp-json\/wp\/v2\/types\/page"}],"author":[{"embeddable":true,"href":"https:\/\/zen2050.mqportails.online\/index.php\/wp-json\/wp\/v2\/users\/1"}],"replies":[{"embeddable":true,"href":"https:\/\/zen2050.mqportails.online\/index.php\/wp-json\/wp\/v2\/comments?post=247"}],"version-history":[{"count":17,"href":"https:\/\/zen2050.mqportails.online\/index.php\/wp-json\/wp\/v2\/pages\/247\/revisions"}],"predecessor-version":[{"id":525,"href":"https:\/\/zen2050.mqportails.online\/index.php\/wp-json\/wp\/v2\/pages\/247\/revisions\/525"}],"up":[{"embeddable":true,"href":"https:\/\/zen2050.mqportails.online\/index.php\/wp-json\/wp\/v2\/pages\/8"}],"wp:attachment":[{"href":"https:\/\/zen2050.mqportails.online\/index.php\/wp-json\/wp\/v2\/media?parent=247"}],"curies":[{"name":"wp","href":"https:\/\/api.w.org\/{rel}","templated":true}]}}