{"id":310,"date":"2023-02-18T06:37:55","date_gmt":"2023-02-18T05:37:55","guid":{"rendered":"https:\/\/zen2050.mqportails.online\/?page_id=310"},"modified":"2023-03-18T17:41:35","modified_gmt":"2023-03-18T16:41:35","slug":"actualites","status":"publish","type":"page","link":"https:\/\/zen2050.mqportails.online\/index.php\/actualites\/","title":{"rendered":"Nos actualit\u00e9s"},"content":{"rendered":"\n<p>Ces informations ont attir\u00e9 notre attention<\/p>\n\n\n<ul class=\"wp-block-latest-posts__list has-dates wp-block-latest-posts\"><li><a class=\"wp-block-latest-posts__post-title\" href=\"https:\/\/zen2050.mqportails.online\/index.php\/2023\/03\/31\/fresque-du-climat-dans-quelques-jours-le-million\/\">Fresque du Climat: dans quelques jours: le Million<\/a><time datetime=\"2023-03-31T06:48:02+02:00\" class=\"wp-block-latest-posts__post-date\">31\/03\/2023<\/time><div class=\"wp-block-latest-posts__post-excerpt\">Le pari va \u00eatre tenu. Une grande journ\u00e9e de c\u00e9l\u00e9bration est pr\u00e9vue le 5 juin 2023, si vous \u00eates \"fresqueur\", rapprochez-vous de votre r\u00e9f\u00e9rent. Pour ceux qui n'auraient pas encore eu l'occasion de faire la fresque, rendez-vous le 13 mai au Printemps des Transitions \u00e0 Sceaux.<\/div><\/li>\n<\/ul>","protected":false},"excerpt":{"rendered":"<p>La lecture d\u2019un post de JM Jancovici ci-contre m\u2019a amen\u00e9 \u00e0 r\u00e9fl\u00e9chir au poids de nos actions individuelles sur cet immense \u00e9difice du syst\u00e8me \u00e9conomique, qui semble parfois inchangeable.<\/p>\n<p>Peut-on modifier son comportement individuel? Oui, en changeant sa mani\u00e8re de voir, puis sa mani\u00e8re d\u2019agir.<\/p>\n<p>Peut-on influer sur l\u2019\u00e9conomie mondiale?<\/p>\n","protected":false},"author":1,"featured_media":0,"parent":0,"menu_order":5,"comment_status":"closed","ping_status":"closed","template":"","meta":[],"jetpack-related-posts":[{"id":6,"url":"https:\/\/zen2050.mqportails.online\/","url_meta":{"origin":310,"position":0},"title":"Notre mission","date":"12\/01\/2023","format":false,"excerpt":"La journ\u00e9e du 13 Mai 2023 \u00e0 Sceaux sera l'occasion pour vous de nous conna\u00eetre mieux, de rencontrer de nombreuses associations partenaires et de participer aux C\u00e9l\u00e8bres Fresques du Climat, du Num\u00e9rique et de la Mobilit\u00e9. Inscrivez-vous Zen 2050 maintenant D\u00e9carboner notre mode de vie Contribuer de mani\u00e8re significative \u00e0\u2026","rel":"","context":"Article similaire","img":{"alt_text":"","src":"https:\/\/i0.wp.com\/zen2050.mqportails.online\/wp-content\/uploads\/2023\/02\/capt1.jpg?resize=350%2C200&ssl=1","width":350,"height":200},"classes":[]},{"id":359,"url":"https:\/\/zen2050.mqportails.online\/index.php\/espace-abonnes\/gt-balades-thermiques\/","url_meta":{"origin":310,"position":1},"title":"GT Balades thermiques","date":"27\/02\/2023","format":false,"excerpt":"Groupe \u00e0 acc\u00e8s restreint Prochaines r\u00e9unions \u00e0 compl\u00e9ter Documents Les documents finalis\u00e9s sont disponibles ici. On peut mettre beaucoup de types de docs, mais en lecture seule, exemple avec Powerpoint. Par contre, attention au volume et au temps de chargement initial. On peut aussi user et abuser des liens vers\u2026","rel":"","context":"Article similaire","img":{"alt_text":"","src":"","width":0,"height":0},"classes":[]},{"id":3,"url":"https:\/\/zen2050.mqportails.online\/index.php\/politique-de-confidentialite\/","url_meta":{"origin":310,"position":2},"title":"Politique de confidentialit\u00e9","date":"12\/01\/2023","format":false,"excerpt":"Qui sommes-nous\u00a0? L\u2019adresse de notre site est\u00a0: https:\/\/zen2050.mqportails.online. Commentaires Quand vous laissez un commentaire sur notre site, les donn\u00e9es inscrites dans le formulaire de commentaire, ainsi que votre adresse IP et l\u2019agent utilisateur de votre navigateur sont collect\u00e9s pour nous aider \u00e0 la d\u00e9tection des commentaires ind\u00e9sirables. Une cha\u00eene anonymis\u00e9e\u2026","rel":"","context":"Article similaire","img":{"alt_text":"","src":"","width":0,"height":0},"classes":[]},{"id":149,"url":"https:\/\/zen2050.mqportails.online\/index.php\/les-projets\/les-partenariats-avec-lenseignement\/","url_meta":{"origin":310,"position":3},"title":"Les partenariats avec l'enseignement","date":"31\/01\/2023","format":false,"excerpt":"Avec le groupe scolaire Marie-Curie, ZEN 2050 Maintenant a men\u00e9 le projet \u00ab\u00a0Ces thermies qui nous \u00e9chappent\u00a0\u00bb. Nous avons mis \u00e0 disposition de l\u2019\u00e9quipe de sciences la cam\u00e9ra infra-rouge, ce qui a permis au \u00e9l\u00e8ves de l\u2019ensemble des classes de premi\u00e8res scientifiques de travailler sur les pertes thermiques. Ce fut\u2026","rel":"","context":"Article similaire","img":{"alt_text":"","src":"https:\/\/i0.wp.com\/zen2050.mqportails.online\/wp-content\/uploads\/2023\/01\/epf.jpg?resize=350%2C200&ssl=1","width":350,"height":200},"classes":[]},{"id":435,"url":"https:\/\/zen2050.mqportails.online\/index.php\/menstions-legales\/","url_meta":{"origin":310,"position":4},"title":"Mentions l\u00e9gales","date":"15\/03\/2023","format":false,"excerpt":"\u00c9dition du site Internet Le site Zen 2050 Maintenant (ci-apr\u00e8s \u00ab le Site \u00bb), accessible \u00e0 l\u2019adresse https:\/\/zen2050maintenant.org est\u00e9dit\u00e9 par l\u2019association du m\u00eame nom, Association r\u00e9gie par la Loi du 1er juillet 1901,dont le si\u00e8ge social est situ\u00e9 <adresse>SIRET <?> R\u00e9daction du site Internet Directeur de la publication : pr\u00e9sident\u2026","rel":"","context":"Article similaire","img":{"alt_text":"","src":"","width":0,"height":0},"classes":[]},{"id":170,"url":"https:\/\/zen2050.mqportails.online\/index.php\/les-projets\/le-projet-de-geothermie-vallee-sud\/","url_meta":{"origin":310,"position":5},"title":"Le projet de g\u00e9othermie Vall\u00e9e Sud","date":"02\/02\/2023","format":false,"excerpt":"\"De l\u2019eau chaude sous nos pieds\u2026\" Sous l\u2019\u00cele de France,LE DOGGER,Une couche de craie satur\u00e9eEN EAU CHAUDE Il suffit de creuser \u00e0 1800 m ! Il reste \"sous\" Bourg la reine, Fontenay aux Roses et Sceaux de la place pour d\u00e9ployer un r\u00e9seau de chaleur g\u00e9othermale Convaincre de lancer une\u2026","rel":"","context":"Article similaire","img":{"alt_text":"","src":"https:\/\/i0.wp.com\/zen2050.mqportails.online\/wp-content\/uploads\/2023\/02\/geothermeie1.jpg?resize=350%2C200&ssl=1","width":350,"height":200},"classes":[]}],"_links":{"self":[{"href":"https:\/\/zen2050.mqportails.online\/index.php\/wp-json\/wp\/v2\/pages\/310"}],"collection":[{"href":"https:\/\/zen2050.mqportails.online\/index.php\/wp-json\/wp\/v2\/pages"}],"about":[{"href":"https:\/\/zen2050.mqportails.online\/index.php\/wp-json\/wp\/v2\/types\/page"}],"author":[{"embeddable":true,"href":"https:\/\/zen2050.mqportails.online\/index.php\/wp-json\/wp\/v2\/users\/1"}],"replies":[{"embeddable":true,"href":"https:\/\/zen2050.mqportails.online\/index.php\/wp-json\/wp\/v2\/comments?post=310"}],"version-history":[{"count":6,"href":"https:\/\/zen2050.mqportails.online\/index.php\/wp-json\/wp\/v2\/pages\/310\/revisions"}],"predecessor-version":[{"id":483,"href":"https:\/\/zen2050.mqportails.online\/index.php\/wp-json\/wp\/v2\/pages\/310\/revisions\/483"}],"wp:attachment":[{"href":"https:\/\/zen2050.mqportails.online\/index.php\/wp-json\/wp\/v2\/media?parent=310"}],"curies":[{"name":"wp","href":"https:\/\/api.w.org\/{rel}","templated":true}]}}