{"id":357,"date":"2023-02-27T17:50:34","date_gmt":"2023-02-27T16:50:34","guid":{"rendered":"https:\/\/zen2050.mqportails.online\/?page_id=357"},"modified":"2023-03-08T09:07:45","modified_gmt":"2023-03-08T08:07:45","slug":"espace-abonnes","status":"publish","type":"page","link":"https:\/\/zen2050.mqportails.online\/index.php\/espace-abonnes\/","title":{"rendered":"Espace abonn\u00e9s"},"content":{"rendered":"\n<p>R\u00e9serv\u00e9 pour diff\u00e9rents groupes de travail<\/p>\n\n\n\n<p><\/p>\n","protected":false},"excerpt":{"rendered":"<p>R\u00e9serv\u00e9 pour diff\u00e9rents groupes de travail<\/p>\n","protected":false},"author":1,"featured_media":0,"parent":0,"menu_order":9,"comment_status":"closed","ping_status":"closed","template":"","meta":[],"jetpack-related-posts":[{"id":359,"url":"https:\/\/zen2050.mqportails.online\/index.php\/espace-abonnes\/gt-balades-thermiques\/","url_meta":{"origin":357,"position":0},"title":"GT Balades thermiques","date":"27\/02\/2023","format":false,"excerpt":"Groupe \u00e0 acc\u00e8s restreint Prochaines r\u00e9unions \u00e0 compl\u00e9ter Documents Les documents finalis\u00e9s sont disponibles ici. On peut mettre beaucoup de types de docs, mais en lecture seule, exemple avec Powerpoint. Par contre, attention au volume et au temps de chargement initial. On peut aussi user et abuser des liens vers\u2026","rel":"","context":"Article similaire","img":{"alt_text":"","src":"","width":0,"height":0},"classes":[]},{"id":97,"url":"https:\/\/zen2050.mqportails.online\/index.php\/evenements\/mes-reservations\/","url_meta":{"origin":357,"position":1},"title":"Mes r\u00e9servations","date":"22\/01\/2023","format":false,"excerpt":"CONTENTS","rel":"","context":"Article similaire","img":{"alt_text":"","src":"","width":0,"height":0},"classes":[]},{"id":140,"url":"https:\/\/zen2050.mqportails.online\/index.php\/les-projets\/les-balades-thermiques\/","url_meta":{"origin":357,"position":2},"title":"Les balades thermiques","date":"31\/01\/2023","format":false,"excerpt":"G\u00e2ce \u00e0 une cam\u00e9ra thermique achet\u00e9e par notre association, vous pourrez visualiser les pertes thermiques des b\u00e2timents, lors d'une balade effectu\u00e9e de nuit et de pr\u00e9f\u00e9rence en hiver. Inscrivez-vous \u00e0 une s\u00e9ance programm\u00e9e et vous effectuerez une promenade dans votre quartier en enregistrant les donn\u00e9es. Un petit rapport vous sera\u2026","rel":"","context":"Article similaire","img":{"alt_text":"","src":"https:\/\/i0.wp.com\/zen2050.mqportails.online\/wp-content\/uploads\/2023\/01\/chaleur.jpg?resize=350%2C200&ssl=1","width":350,"height":200},"classes":[]},{"id":149,"url":"https:\/\/zen2050.mqportails.online\/index.php\/les-projets\/les-partenariats-avec-lenseignement\/","url_meta":{"origin":357,"position":3},"title":"Les partenariats avec l'enseignement","date":"31\/01\/2023","format":false,"excerpt":"Avec le groupe scolaire Marie-Curie, ZEN 2050 Maintenant a men\u00e9 le projet \u00ab\u00a0Ces thermies qui nous \u00e9chappent\u00a0\u00bb. Nous avons mis \u00e0 disposition de l\u2019\u00e9quipe de sciences la cam\u00e9ra infra-rouge, ce qui a permis au \u00e9l\u00e8ves de l\u2019ensemble des classes de premi\u00e8res scientifiques de travailler sur les pertes thermiques. Ce fut\u2026","rel":"","context":"Article similaire","img":{"alt_text":"","src":"https:\/\/i0.wp.com\/zen2050.mqportails.online\/wp-content\/uploads\/2023\/01\/epf.jpg?resize=350%2C200&ssl=1","width":350,"height":200},"classes":[]},{"id":247,"url":"https:\/\/zen2050.mqportails.online\/index.php\/blog\/la-journee-du-13-mai\/","url_meta":{"origin":357,"position":4},"title":"La journ\u00e9e du 13 Mai","date":"14\/02\/2023","format":false,"excerpt":"Toute la journ\u00e9e \u00e0 Sceaux, rencontrez les associations, assistez \u00e0 des conf\u00e9rences, \u00e9changez. Et une bonne occasion de participer \u00e0 des ateliers ludiques. Choisissez votre atelier Su vous acceptez de vous inscrire, vous devez bien s\u00fbr donner un email et optionnellement une identit\u00e9, l'usage de ces donn\u00e9es est d\u00e9crit dans\u2026","rel":"","context":"Article similaire","img":{"alt_text":"","src":"","width":0,"height":0},"classes":[]},{"id":8,"url":"https:\/\/zen2050.mqportails.online\/index.php\/blog\/","url_meta":{"origin":357,"position":5},"title":"Nos \u00e9v\u00e8nements","date":"12\/01\/2023","format":false,"excerpt":"Journ\u00e9e du 13 mai L'\u00e9v\u00e8nement phare de notre premier semestre est l'organisation des journ\u00e9es de la transition et particuli\u00e8rement de la journ\u00e9e du 13 mai 2023. De nombreuses animations vous sont propos\u00e9es,l'occasion id\u00e9ale pour d\u00e9couvrir diff\u00e9rents sujets \u00e0 travers des contacts avec les associations ou les institutions pr\u00e9sentes. Et une\u2026","rel":"","context":"Article similaire","img":{"alt_text":"","src":"","width":0,"height":0},"classes":[]}],"_links":{"self":[{"href":"https:\/\/zen2050.mqportails.online\/index.php\/wp-json\/wp\/v2\/pages\/357"}],"collection":[{"href":"https:\/\/zen2050.mqportails.online\/index.php\/wp-json\/wp\/v2\/pages"}],"about":[{"href":"https:\/\/zen2050.mqportails.online\/index.php\/wp-json\/wp\/v2\/types\/page"}],"author":[{"embeddable":true,"href":"https:\/\/zen2050.mqportails.online\/index.php\/wp-json\/wp\/v2\/users\/1"}],"replies":[{"embeddable":true,"href":"https:\/\/zen2050.mqportails.online\/index.php\/wp-json\/wp\/v2\/comments?post=357"}],"version-history":[{"count":1,"href":"https:\/\/zen2050.mqportails.online\/index.php\/wp-json\/wp\/v2\/pages\/357\/revisions"}],"predecessor-version":[{"id":358,"href":"https:\/\/zen2050.mqportails.online\/index.php\/wp-json\/wp\/v2\/pages\/357\/revisions\/358"}],"wp:attachment":[{"href":"https:\/\/zen2050.mqportails.online\/index.php\/wp-json\/wp\/v2\/media?parent=357"}],"curies":[{"name":"wp","href":"https:\/\/api.w.org\/{rel}","templated":true}]}}