{"id":359,"date":"2023-02-27T17:57:45","date_gmt":"2023-02-27T16:57:45","guid":{"rendered":"https:\/\/zen2050.mqportails.online\/?page_id=359"},"modified":"2023-02-27T18:21:07","modified_gmt":"2023-02-27T17:21:07","slug":"gt-balades-thermiques","status":"publish","type":"page","link":"https:\/\/zen2050.mqportails.online\/index.php\/espace-abonnes\/gt-balades-thermiques\/","title":{"rendered":"GT Balades thermiques"},"content":{"rendered":"\n<p>Groupe \u00e0 acc\u00e8s restreint<\/p>\n\n\n\n<h2>Prochaines r\u00e9unions<\/h2>\n\n\n\n<p>\u00e0 compl\u00e9ter<\/p>\n\n\n\n<h2>Documents<\/h2>\n\n\n\n<p>Les documents finalis\u00e9s sont disponibles ici. On peut mettre beaucoup de types de docs, mais en lecture seule, exemple avec Powerpoint. Par contre, attention au volume et au temps de chargement initial.<\/p>\n\n\n<div class=\"ead-preview\"><div class=\"ead-document\" style=\"position: relative;padding-top: 90%;\"><div class=\"ead-iframe-wrapper\"><iframe src=\"\/\/docs.google.com\/viewer?url=https%3A%2F%2Fzen2050.mqportails.online%2Fwp-content%2Fuploads%2F2023%2F02%2FZ.E.N.-2050-Maintenant-Initiatives-2022_09_252.pptx&amp;embedded=true&amp;hl=en\" title=\"Document embarqu\u00e9\" class=\"ead-iframe\" style=\"width: 100%;height: 100%;border: none;position: absolute;left: 0;top: 0;visibility: hidden;\"><\/iframe><\/div>\t\t\t<div class=\"ead-document-loading\" style=\"width:100%;height:100%;position:absolute;left:0;top:0;z-index:10;\">\n\t\t\t\t<div class=\"ead-loading-wrap\">\n\t\t\t\t\t<div class=\"ead-loading-main\">\n\t\t\t\t\t\t<div class=\"ead-loading\">\n\t\t\t\t\t\t\t<img decoding=\"async\" src=\"https:\/\/zen2050.mqportails.online\/wp-content\/plugins\/embed-any-document\/images\/loading.svg\" width=\"55\" height=\"55\" alt=\"Chargeur\">\n\t\t\t\t\t\t\t<span>En cours de chargement&hellip;<\/span>\n\t\t\t\t\t\t<\/div>\n\t\t\t\t\t<\/div>\n\t\t\t\t\t<div class=\"ead-loading-foot\">\n\t\t\t\t\t\t<div class=\"ead-loading-foot-title\">\n\t\t\t\t\t\t\t<img decoding=\"async\" src=\"https:\/\/zen2050.mqportails.online\/wp-content\/plugins\/embed-any-document\/images\/EAD-logo.svg\" alt=\"Logo EAD\" width=\"36\" height=\"23\"\/>\n\t\t\t\t\t\t\t<span>Cela prend trop de temps\u00a0?<\/span>\n\t\t\t\t\t\t<\/div>\n\t\t\t\t\t\t<p>\n\t\t\t\t\t\t\t<div class=\"ead-document-btn ead-reload-btn\" role=\"button\">\n\t\t\t\t\t\t\t\t<img decoding=\"async\" src=\"https:\/\/zen2050.mqportails.online\/wp-content\/plugins\/embed-any-document\/images\/reload.svg\" alt=\"Recharger\" width=\"12\" height=\"12\"\/> Recharger le document\t\t\t\t\t\t\t<\/div>\n\t\t\t\t\t\t\t<span>|<\/span>\n\t\t\t\t\t\t\t<a href=\"https:\/\/docs.google.com\/viewer?url=https%3A%2F%2Fzen2050.mqportails.online%2Fwp-content%2Fuploads%2F2023%2F02%2FZ.E.N.-2050-Maintenant-Initiatives-2022_09_252.pptx&#038;hl=en\" class=\"ead-document-btn\" target=\"_blank\">\n\t\t\t\t\t\t\t\t<img decoding=\"async\" src=\"https:\/\/zen2050.mqportails.online\/wp-content\/plugins\/embed-any-document\/images\/open.svg\" alt=\"Ouvert\" width=\"12\" height=\"12\"\/> Ouvrir dans un nouvel onglet\t\t\t\t\t\t\t<\/a>\n\t\t\t\t\t<\/div>\n\t\t\t\t<\/div>\n\t\t\t<\/div>\n\t\t<\/div><\/div>\n\n\n<p>On peut aussi user et abuser des liens vers d'autres espace de stockage comme Google Drive, ou telle ou telle \u00e9tude ou article ou etc.<\/p>\n\n\n\n<p>Dans le cadre d'un groupe de travail, on peut utiliser le champ commentaire, mais c'est vite limit\u00e9.<\/p>\n\n\n\n<p>Si on veut vraiment d\u00e9battre, on peut mettre un BBS (Bulletin Board) ou forum de discussion. On est sur une maquette, autant en profiter<\/p>\n","protected":false},"excerpt":{"rendered":"<p>Groupe \u00e0 acc\u00e8s restreint Prochaines r\u00e9unions \u00e0 compl\u00e9ter Documents Les documents finalis\u00e9s sont disponibles ici. On peut mettre beaucoup de types de docs, mais en lecture seule, exemple avec Powerpoint. Par contre, attention au volume et au temps de chargement initial. On peut aussi user et abuser des liens vers d'autres espace de stockage comme [&hellip;]<\/p>\n","protected":false},"author":1,"featured_media":0,"parent":357,"menu_order":1,"comment_status":"closed","ping_status":"closed","template":"","meta":[],"jetpack-related-posts":[{"id":6,"url":"https:\/\/zen2050.mqportails.online\/","url_meta":{"origin":359,"position":0},"title":"Notre mission","date":"12\/01\/2023","format":false,"excerpt":"La journ\u00e9e du 13 Mai 2023 \u00e0 Sceaux sera l'occasion pour vous de nous conna\u00eetre mieux, de rencontrer de nombreuses associations partenaires et de participer aux C\u00e9l\u00e8bres Fresques du Climat, du Num\u00e9rique et de la Mobilit\u00e9. Inscrivez-vous Zen 2050 maintenant D\u00e9carboner notre mode de vie Contribuer de mani\u00e8re significative \u00e0\u2026","rel":"","context":"Article similaire","img":{"alt_text":"","src":"https:\/\/i0.wp.com\/zen2050.mqportails.online\/wp-content\/uploads\/2023\/02\/capt1.jpg?resize=350%2C200&ssl=1","width":350,"height":200},"classes":[]},{"id":170,"url":"https:\/\/zen2050.mqportails.online\/index.php\/les-projets\/le-projet-de-geothermie-vallee-sud\/","url_meta":{"origin":359,"position":1},"title":"Le projet de g\u00e9othermie Vall\u00e9e Sud","date":"02\/02\/2023","format":false,"excerpt":"\"De l\u2019eau chaude sous nos pieds\u2026\" Sous l\u2019\u00cele de France,LE DOGGER,Une couche de craie satur\u00e9eEN EAU CHAUDE Il suffit de creuser \u00e0 1800 m ! Il reste \"sous\" Bourg la reine, Fontenay aux Roses et Sceaux de la place pour d\u00e9ployer un r\u00e9seau de chaleur g\u00e9othermale Convaincre de lancer une\u2026","rel":"","context":"Article similaire","img":{"alt_text":"","src":"https:\/\/i0.wp.com\/zen2050.mqportails.online\/wp-content\/uploads\/2023\/02\/geothermeie1.jpg?resize=350%2C200&ssl=1","width":350,"height":200},"classes":[]},{"id":149,"url":"https:\/\/zen2050.mqportails.online\/index.php\/les-projets\/les-partenariats-avec-lenseignement\/","url_meta":{"origin":359,"position":2},"title":"Les partenariats avec l'enseignement","date":"31\/01\/2023","format":false,"excerpt":"Avec le groupe scolaire Marie-Curie, ZEN 2050 Maintenant a men\u00e9 le projet \u00ab\u00a0Ces thermies qui nous \u00e9chappent\u00a0\u00bb. Nous avons mis \u00e0 disposition de l\u2019\u00e9quipe de sciences la cam\u00e9ra infra-rouge, ce qui a permis au \u00e9l\u00e8ves de l\u2019ensemble des classes de premi\u00e8res scientifiques de travailler sur les pertes thermiques. Ce fut\u2026","rel":"","context":"Article similaire","img":{"alt_text":"","src":"https:\/\/i0.wp.com\/zen2050.mqportails.online\/wp-content\/uploads\/2023\/01\/epf.jpg?resize=350%2C200&ssl=1","width":350,"height":200},"classes":[]},{"id":44,"url":"https:\/\/zen2050.mqportails.online\/index.php\/les-projets\/","url_meta":{"origin":359,"position":3},"title":"Nos projets","date":"18\/01\/2023","format":false,"excerpt":"Notre association Zen 2050 porte actuellement plusieurs projets. La cam\u00e9ra thermique Sous forme de balade dans votre quartier, observez les fuites thermiques de votre logement et des autres b\u00e2timents. Un bilan global sera pr\u00e9sent\u00e9 le 13 Mai 2023. Des pistes sur les plans d'action possibles seront d\u00e9battues et propos\u00e9es Le\u2026","rel":"","context":"Article similaire","img":{"alt_text":"","src":"https:\/\/i0.wp.com\/zen2050.mqportails.online\/wp-content\/uploads\/2023\/02\/geothermeie1.jpg?resize=350%2C200&ssl=1","width":350,"height":200},"classes":[]},{"id":3,"url":"https:\/\/zen2050.mqportails.online\/index.php\/politique-de-confidentialite\/","url_meta":{"origin":359,"position":4},"title":"Politique de confidentialit\u00e9","date":"12\/01\/2023","format":false,"excerpt":"Qui sommes-nous\u00a0? L\u2019adresse de notre site est\u00a0: https:\/\/zen2050.mqportails.online. Commentaires Quand vous laissez un commentaire sur notre site, les donn\u00e9es inscrites dans le formulaire de commentaire, ainsi que votre adresse IP et l\u2019agent utilisateur de votre navigateur sont collect\u00e9s pour nous aider \u00e0 la d\u00e9tection des commentaires ind\u00e9sirables. Une cha\u00eene anonymis\u00e9e\u2026","rel":"","context":"Article similaire","img":{"alt_text":"","src":"","width":0,"height":0},"classes":[]},{"id":42,"url":"https:\/\/zen2050.mqportails.online\/index.php\/lassociation\/","url_meta":{"origin":359,"position":5},"title":"Nos actions","date":"18\/01\/2023","format":false,"excerpt":"Zen 2050, c'est Z\u00e9ro Emmision Nette de gazs \u00e0 effet se serre ne 2050. C'est un engagement de l'Union Europ\u00e9enne et de l'ONU. Zen2050maintenant est une association originaire du 92, pr\u00e9cis\u00e9ment de la communaut\u00e9 d'agglom\u00e9rations Vall\u00e9e Sud Grand Paris. Nous d\u00e9fendons des projets concrets, locaux en coh\u00e9rence avec les actions\u2026","rel":"","context":"Article similaire","img":{"alt_text":"","src":"","width":0,"height":0},"classes":[]}],"_links":{"self":[{"href":"https:\/\/zen2050.mqportails.online\/index.php\/wp-json\/wp\/v2\/pages\/359"}],"collection":[{"href":"https:\/\/zen2050.mqportails.online\/index.php\/wp-json\/wp\/v2\/pages"}],"about":[{"href":"https:\/\/zen2050.mqportails.online\/index.php\/wp-json\/wp\/v2\/types\/page"}],"author":[{"embeddable":true,"href":"https:\/\/zen2050.mqportails.online\/index.php\/wp-json\/wp\/v2\/users\/1"}],"replies":[{"embeddable":true,"href":"https:\/\/zen2050.mqportails.online\/index.php\/wp-json\/wp\/v2\/comments?post=359"}],"version-history":[{"count":5,"href":"https:\/\/zen2050.mqportails.online\/index.php\/wp-json\/wp\/v2\/pages\/359\/revisions"}],"predecessor-version":[{"id":369,"href":"https:\/\/zen2050.mqportails.online\/index.php\/wp-json\/wp\/v2\/pages\/359\/revisions\/369"}],"up":[{"embeddable":true,"href":"https:\/\/zen2050.mqportails.online\/index.php\/wp-json\/wp\/v2\/pages\/357"}],"wp:attachment":[{"href":"https:\/\/zen2050.mqportails.online\/index.php\/wp-json\/wp\/v2\/media?parent=359"}],"curies":[{"name":"wp","href":"https:\/\/api.w.org\/{rel}","templated":true}]}}