{"id":42,"date":"2023-01-18T05:02:31","date_gmt":"2023-01-18T04:02:31","guid":{"rendered":"https:\/\/zen2050.mqportails.online\/?page_id=42"},"modified":"2023-03-16T07:43:49","modified_gmt":"2023-03-16T06:43:49","slug":"lassociation","status":"publish","type":"page","link":"https:\/\/zen2050.mqportails.online\/index.php\/lassociation\/","title":{"rendered":"Nos actions"},"content":{"rendered":"\n<p>Zen 2050, c'est Z\u00e9ro Emmision Nette de gazs \u00e0 effet se serre ne 2050. C'est un engagement de l'Union Europ\u00e9enne et de l'ONU.<\/p>\n\n\n\n<p>Zen2050maintenant est une association originaire du 92, pr\u00e9cis\u00e9ment de la communaut\u00e9 d'agglom\u00e9rations Vall\u00e9e Sud Grand Paris. Nous d\u00e9fendons des projets concrets, locaux en coh\u00e9rence avec les actions  de nombreuses associations  d'ampleur nationale et internationale; The Shift Project, Carbone 4, EduClimat, Inventons Nos Vies Bas Carbone, Rue de l'Avenir<\/p>\n\n\n\n<p>Nous proposons des actions p\u00e9dagogiques, comme les balades thermiques ou les nombreux ateliers de la journ\u00e9e du 13 Mai, des conf\u00e9rence \u00e0 venir.<\/p>\n\n\n\n<p>Restez inform\u00e9s de notre actualit\u00e9 en souscrivant \u00e0 la newsletter.<\/p>\n\n\n\n<p><\/p>\n","protected":false},"excerpt":{"rendered":"<p>Zen 2050, c'est Z\u00e9ro Emmision Nette de gazs \u00e0 effet se serre ne 2050. C'est un engagement de l'Union Europ\u00e9enne et de l'ONU. Zen2050maintenant est une association originaire du 92, pr\u00e9cis\u00e9ment de la communaut\u00e9 d'agglom\u00e9rations Vall\u00e9e Sud Grand Paris. Nous d\u00e9fendons des projets concrets, locaux en coh\u00e9rence avec les actions de nombreuses associations d'ampleur nationale [&hellip;]<\/p>\n","protected":false},"author":1,"featured_media":0,"parent":0,"menu_order":1,"comment_status":"closed","ping_status":"closed","template":"","meta":[],"jetpack-related-posts":[{"id":44,"url":"https:\/\/zen2050.mqportails.online\/index.php\/les-projets\/","url_meta":{"origin":42,"position":0},"title":"Nos projets","date":"18\/01\/2023","format":false,"excerpt":"Notre association Zen 2050 porte actuellement plusieurs projets. La cam\u00e9ra thermique Sous forme de balade dans votre quartier, observez les fuites thermiques de votre logement et des autres b\u00e2timents. Un bilan global sera pr\u00e9sent\u00e9 le 13 Mai 2023. Des pistes sur les plans d'action possibles seront d\u00e9battues et propos\u00e9es Le\u2026","rel":"","context":"Article similaire","img":{"alt_text":"","src":"https:\/\/i0.wp.com\/zen2050.mqportails.online\/wp-content\/uploads\/2023\/02\/geothermeie1.jpg?resize=350%2C200&ssl=1","width":350,"height":200},"classes":[]},{"id":149,"url":"https:\/\/zen2050.mqportails.online\/index.php\/les-projets\/les-partenariats-avec-lenseignement\/","url_meta":{"origin":42,"position":1},"title":"Les partenariats avec l'enseignement","date":"31\/01\/2023","format":false,"excerpt":"Avec le groupe scolaire Marie-Curie, ZEN 2050 Maintenant a men\u00e9 le projet \u00ab\u00a0Ces thermies qui nous \u00e9chappent\u00a0\u00bb. Nous avons mis \u00e0 disposition de l\u2019\u00e9quipe de sciences la cam\u00e9ra infra-rouge, ce qui a permis au \u00e9l\u00e8ves de l\u2019ensemble des classes de premi\u00e8res scientifiques de travailler sur les pertes thermiques. Ce fut\u2026","rel":"","context":"Article similaire","img":{"alt_text":"","src":"https:\/\/i0.wp.com\/zen2050.mqportails.online\/wp-content\/uploads\/2023\/01\/epf.jpg?resize=350%2C200&ssl=1","width":350,"height":200},"classes":[]},{"id":6,"url":"https:\/\/zen2050.mqportails.online\/","url_meta":{"origin":42,"position":2},"title":"Notre mission","date":"12\/01\/2023","format":false,"excerpt":"La journ\u00e9e du 13 Mai 2023 \u00e0 Sceaux sera l'occasion pour vous de nous conna\u00eetre mieux, de rencontrer de nombreuses associations partenaires et de participer aux C\u00e9l\u00e8bres Fresques du Climat, du Num\u00e9rique et de la Mobilit\u00e9. Inscrivez-vous Zen 2050 maintenant D\u00e9carboner notre mode de vie Contribuer de mani\u00e8re significative \u00e0\u2026","rel":"","context":"Article similaire","img":{"alt_text":"","src":"https:\/\/i0.wp.com\/zen2050.mqportails.online\/wp-content\/uploads\/2023\/02\/capt1.jpg?resize=350%2C200&ssl=1","width":350,"height":200},"classes":[]},{"id":435,"url":"https:\/\/zen2050.mqportails.online\/index.php\/menstions-legales\/","url_meta":{"origin":42,"position":3},"title":"Mentions l\u00e9gales","date":"15\/03\/2023","format":false,"excerpt":"\u00c9dition du site Internet Le site Zen 2050 Maintenant (ci-apr\u00e8s \u00ab le Site \u00bb), accessible \u00e0 l\u2019adresse https:\/\/zen2050maintenant.org est\u00e9dit\u00e9 par l\u2019association du m\u00eame nom, Association r\u00e9gie par la Loi du 1er juillet 1901,dont le si\u00e8ge social est situ\u00e9 <adresse>SIRET <?> R\u00e9daction du site Internet Directeur de la publication : pr\u00e9sident\u2026","rel":"","context":"Article similaire","img":{"alt_text":"","src":"","width":0,"height":0},"classes":[]},{"id":8,"url":"https:\/\/zen2050.mqportails.online\/index.php\/blog\/","url_meta":{"origin":42,"position":4},"title":"Nos \u00e9v\u00e8nements","date":"12\/01\/2023","format":false,"excerpt":"Journ\u00e9e du 13 mai L'\u00e9v\u00e8nement phare de notre premier semestre est l'organisation des journ\u00e9es de la transition et particuli\u00e8rement de la journ\u00e9e du 13 mai 2023. De nombreuses animations vous sont propos\u00e9es,l'occasion id\u00e9ale pour d\u00e9couvrir diff\u00e9rents sujets \u00e0 travers des contacts avec les associations ou les institutions pr\u00e9sentes. Et une\u2026","rel":"","context":"Article similaire","img":{"alt_text":"","src":"","width":0,"height":0},"classes":[]},{"id":247,"url":"https:\/\/zen2050.mqportails.online\/index.php\/blog\/la-journee-du-13-mai\/","url_meta":{"origin":42,"position":5},"title":"La journ\u00e9e du 13 Mai","date":"14\/02\/2023","format":false,"excerpt":"Toute la journ\u00e9e \u00e0 Sceaux, rencontrez les associations, assistez \u00e0 des conf\u00e9rences, \u00e9changez. Et une bonne occasion de participer \u00e0 des ateliers ludiques. Choisissez votre atelier Su vous acceptez de vous inscrire, vous devez bien s\u00fbr donner un email et optionnellement une identit\u00e9, l'usage de ces donn\u00e9es est d\u00e9crit dans\u2026","rel":"","context":"Article similaire","img":{"alt_text":"","src":"","width":0,"height":0},"classes":[]}],"_links":{"self":[{"href":"https:\/\/zen2050.mqportails.online\/index.php\/wp-json\/wp\/v2\/pages\/42"}],"collection":[{"href":"https:\/\/zen2050.mqportails.online\/index.php\/wp-json\/wp\/v2\/pages"}],"about":[{"href":"https:\/\/zen2050.mqportails.online\/index.php\/wp-json\/wp\/v2\/types\/page"}],"author":[{"embeddable":true,"href":"https:\/\/zen2050.mqportails.online\/index.php\/wp-json\/wp\/v2\/users\/1"}],"replies":[{"embeddable":true,"href":"https:\/\/zen2050.mqportails.online\/index.php\/wp-json\/wp\/v2\/comments?post=42"}],"version-history":[{"count":4,"href":"https:\/\/zen2050.mqportails.online\/index.php\/wp-json\/wp\/v2\/pages\/42\/revisions"}],"predecessor-version":[{"id":474,"href":"https:\/\/zen2050.mqportails.online\/index.php\/wp-json\/wp\/v2\/pages\/42\/revisions\/474"}],"wp:attachment":[{"href":"https:\/\/zen2050.mqportails.online\/index.php\/wp-json\/wp\/v2\/media?parent=42"}],"curies":[{"name":"wp","href":"https:\/\/api.w.org\/{rel}","templated":true}]}}