{"id":435,"date":"2023-03-15T10:10:38","date_gmt":"2023-03-15T09:10:38","guid":{"rendered":"https:\/\/zen2050.mqportails.online\/?page_id=435"},"modified":"2023-03-15T10:10:54","modified_gmt":"2023-03-15T09:10:54","slug":"menstions-legales","status":"publish","type":"page","link":"https:\/\/zen2050.mqportails.online\/index.php\/menstions-legales\/","title":{"rendered":"Mentions l\u00e9gales"},"content":{"rendered":"\n<h2 id=\"h-edition-du-site-internet\">\u00c9dition du site Internet<\/h2>\n\n\n\n<p>Le site Zen 2050 Maintenant (ci-apr\u00e8s \u00ab le Site \u00bb), accessible \u00e0 l\u2019adresse <a href=\"https:\/\/arai-blr.fr\">https:\/\/<\/a>zen2050maintenant.org est<br>\u00e9dit\u00e9 par l\u2019association du m\u00eame nom, Association r\u00e9gie par la Loi du 1er juillet 1901,<br>dont le si\u00e8ge social est situ\u00e9 &lt;adresse><br>SIRET &lt;?><\/p>\n\n\n\n<h3 id=\"h-redaction-du-site-internet\">R\u00e9daction du site Internet<\/h3>\n\n\n\n<p>Directeur de la publication : pr\u00e9sident de l'association<br>Contact : 06xx, xxx@gmail.com<\/p>\n\n\n\n<h3 id=\"h-hebergeur-du-site-internet\">H\u00e9bergeur du site Internet<\/h3>\n\n\n\n<p>Le Site est h\u00e9berg\u00e9 par <a rel=\"noreferrer noopener\" href=\"https:\/\/www.hostinger.fr\/a-propos\" target=\"_blank\">Hostinger,<\/a> EURL au capital de 100 000 euros, dont le si\u00e8ge social<br>est situ\u00e9 224 Boulevard Gustave Flaubert, 63000 Clermont-Ferrand, France, joignable par le<br>moyen suivant : 0444446040.<\/p>\n\n\n\n<h3 id=\"h-respect-de-la-propriete-intellectuelle\">Respect de la propri\u00e9t\u00e9 intellectuelle<\/h3>\n\n\n\n<p>Toutes les marques, photographies, textes, commentaires, illustrations, images anim\u00e9es ou<br>non, s\u00e9quences vid\u00e9o, sons, ainsi que toutes les applications informatiques qui pourraient<br>\u00eatre utilis\u00e9es pour faire fonctionner le Site et plus g\u00e9n\u00e9ralement tous les \u00e9l\u00e9ments reproduits<br>ou utilis\u00e9s sur le Site sont prot\u00e9g\u00e9s par les lois en vigueur au titre de la propri\u00e9t\u00e9<br>intellectuelle.<br>Ils sont la propri\u00e9t\u00e9 pleine et enti\u00e8re de l\u2019Editeur ou de ses partenaires, sauf mentions<br>particuli\u00e8res. Toute reproduction, repr\u00e9sentation, utilisation ou adaptation, sous quelque<br>forme que ce soit, de tout ou partie de ces \u00e9l\u00e9ments, y compris les applications<br>informatiques, sans l\u2019accord pr\u00e9alable et \u00e9crit de l\u2019Editeur, sont strictement interdites. Le fait<br>pour l\u2019Editeur de ne pas engager de proc\u00e9dure d\u00e8s la prise de connaissance de ces<br>utilisations non autoris\u00e9es ne vaut pas acceptation desdites utilisations et renonciation aux<br>poursuites.<br>Seule l\u2019utilisation pour un usage priv\u00e9 dans un cercle de famille est autoris\u00e9e et toute autre<br>utilisation est constitutive de contrefa\u00e7on et\/ou d\u2019atteinte aux droits voisins, sanctionn\u00e9es par<br>Code de la propri\u00e9t\u00e9 intellectuelle.<br>La reprise de tout ou partie de ce contenu n\u00e9cessite l\u2019autorisation pr\u00e9alable de l\u2019Editeur ou<br>du titulaire des droits sur ce contenu.<\/p>\n\n\n\n<h3 id=\"h-liens-hypertextes\">Liens hypertextes<\/h3>\n\n\n\n<p>Le Site peut contenir des liens hypertexte donnant acc\u00e8s \u00e0 d\u2019autres sites web \u00e9dit\u00e9s et g\u00e9r\u00e9s<br>par des tiers et non par l\u2019Editeur. L\u2019Editeur ne pourra \u00eatre tenu responsable directement ou<br>indirectement dans le cas o\u00f9 lesdits sites tiers ne respecteraient pas les dispositions<\/p>\n","protected":false},"excerpt":{"rendered":"<p>\u00c9dition du site Internet Le site Zen 2050 Maintenant (ci-apr\u00e8s \u00ab le Site \u00bb), accessible \u00e0 l\u2019adresse https:\/\/zen2050maintenant.org est\u00e9dit\u00e9 par l\u2019association du m\u00eame nom, Association r\u00e9gie par la Loi du 1er juillet 1901,dont le si\u00e8ge social est situ\u00e9 &lt;adresse>SIRET &lt;?> R\u00e9daction du site Internet Directeur de la publication : pr\u00e9sident de l'associationContact : 06xx, xxx@gmail.com [&hellip;]<\/p>\n","protected":false},"author":1,"featured_media":0,"parent":0,"menu_order":16,"comment_status":"closed","ping_status":"closed","template":"","meta":[],"jetpack-related-posts":[{"id":3,"url":"https:\/\/zen2050.mqportails.online\/index.php\/politique-de-confidentialite\/","url_meta":{"origin":435,"position":0},"title":"Politique de confidentialit\u00e9","date":"12\/01\/2023","format":false,"excerpt":"Qui sommes-nous\u00a0? L\u2019adresse de notre site est\u00a0: https:\/\/zen2050.mqportails.online. Commentaires Quand vous laissez un commentaire sur notre site, les donn\u00e9es inscrites dans le formulaire de commentaire, ainsi que votre adresse IP et l\u2019agent utilisateur de votre navigateur sont collect\u00e9s pour nous aider \u00e0 la d\u00e9tection des commentaires ind\u00e9sirables. Une cha\u00eene anonymis\u00e9e\u2026","rel":"","context":"Article similaire","img":{"alt_text":"","src":"","width":0,"height":0},"classes":[]},{"id":149,"url":"https:\/\/zen2050.mqportails.online\/index.php\/les-projets\/les-partenariats-avec-lenseignement\/","url_meta":{"origin":435,"position":1},"title":"Les partenariats avec l'enseignement","date":"31\/01\/2023","format":false,"excerpt":"Avec le groupe scolaire Marie-Curie, ZEN 2050 Maintenant a men\u00e9 le projet \u00ab\u00a0Ces thermies qui nous \u00e9chappent\u00a0\u00bb. Nous avons mis \u00e0 disposition de l\u2019\u00e9quipe de sciences la cam\u00e9ra infra-rouge, ce qui a permis au \u00e9l\u00e8ves de l\u2019ensemble des classes de premi\u00e8res scientifiques de travailler sur les pertes thermiques. Ce fut\u2026","rel":"","context":"Article similaire","img":{"alt_text":"","src":"https:\/\/i0.wp.com\/zen2050.mqportails.online\/wp-content\/uploads\/2023\/01\/epf.jpg?resize=350%2C200&ssl=1","width":350,"height":200},"classes":[]},{"id":170,"url":"https:\/\/zen2050.mqportails.online\/index.php\/les-projets\/le-projet-de-geothermie-vallee-sud\/","url_meta":{"origin":435,"position":2},"title":"Le projet de g\u00e9othermie Vall\u00e9e Sud","date":"02\/02\/2023","format":false,"excerpt":"\"De l\u2019eau chaude sous nos pieds\u2026\" Sous l\u2019\u00cele de France,LE DOGGER,Une couche de craie satur\u00e9eEN EAU CHAUDE Il suffit de creuser \u00e0 1800 m ! Il reste \"sous\" Bourg la reine, Fontenay aux Roses et Sceaux de la place pour d\u00e9ployer un r\u00e9seau de chaleur g\u00e9othermale Convaincre de lancer une\u2026","rel":"","context":"Article similaire","img":{"alt_text":"","src":"https:\/\/i0.wp.com\/zen2050.mqportails.online\/wp-content\/uploads\/2023\/02\/geothermeie1.jpg?resize=350%2C200&ssl=1","width":350,"height":200},"classes":[]},{"id":9,"url":"https:\/\/zen2050.mqportails.online\/index.php\/sitemap\/","url_meta":{"origin":435,"position":3},"title":"Site Map","date":"12\/01\/2023","format":false,"excerpt":"","rel":"","context":"Article similaire","img":{"alt_text":"","src":"","width":0,"height":0},"classes":[]},{"id":247,"url":"https:\/\/zen2050.mqportails.online\/index.php\/blog\/la-journee-du-13-mai\/","url_meta":{"origin":435,"position":4},"title":"La journ\u00e9e du 13 Mai","date":"14\/02\/2023","format":false,"excerpt":"Toute la journ\u00e9e \u00e0 Sceaux, rencontrez les associations, assistez \u00e0 des conf\u00e9rences, \u00e9changez. Et une bonne occasion de participer \u00e0 des ateliers ludiques. Choisissez votre atelier Su vous acceptez de vous inscrire, vous devez bien s\u00fbr donner un email et optionnellement une identit\u00e9, l'usage de ces donn\u00e9es est d\u00e9crit dans\u2026","rel":"","context":"Article similaire","img":{"alt_text":"","src":"","width":0,"height":0},"classes":[]},{"id":42,"url":"https:\/\/zen2050.mqportails.online\/index.php\/lassociation\/","url_meta":{"origin":435,"position":5},"title":"Nos actions","date":"18\/01\/2023","format":false,"excerpt":"Zen 2050, c'est Z\u00e9ro Emmision Nette de gazs \u00e0 effet se serre ne 2050. C'est un engagement de l'Union Europ\u00e9enne et de l'ONU. Zen2050maintenant est une association originaire du 92, pr\u00e9cis\u00e9ment de la communaut\u00e9 d'agglom\u00e9rations Vall\u00e9e Sud Grand Paris. Nous d\u00e9fendons des projets concrets, locaux en coh\u00e9rence avec les actions\u2026","rel":"","context":"Article similaire","img":{"alt_text":"","src":"","width":0,"height":0},"classes":[]}],"_links":{"self":[{"href":"https:\/\/zen2050.mqportails.online\/index.php\/wp-json\/wp\/v2\/pages\/435"}],"collection":[{"href":"https:\/\/zen2050.mqportails.online\/index.php\/wp-json\/wp\/v2\/pages"}],"about":[{"href":"https:\/\/zen2050.mqportails.online\/index.php\/wp-json\/wp\/v2\/types\/page"}],"author":[{"embeddable":true,"href":"https:\/\/zen2050.mqportails.online\/index.php\/wp-json\/wp\/v2\/users\/1"}],"replies":[{"embeddable":true,"href":"https:\/\/zen2050.mqportails.online\/index.php\/wp-json\/wp\/v2\/comments?post=435"}],"version-history":[{"count":2,"href":"https:\/\/zen2050.mqportails.online\/index.php\/wp-json\/wp\/v2\/pages\/435\/revisions"}],"predecessor-version":[{"id":437,"href":"https:\/\/zen2050.mqportails.online\/index.php\/wp-json\/wp\/v2\/pages\/435\/revisions\/437"}],"wp:attachment":[{"href":"https:\/\/zen2050.mqportails.online\/index.php\/wp-json\/wp\/v2\/media?parent=435"}],"curies":[{"name":"wp","href":"https:\/\/api.w.org\/{rel}","templated":true}]}}