{"id":6,"date":"2023-01-12T07:36:41","date_gmt":"2023-01-12T06:36:41","guid":{"rendered":"https:\/\/zen2050.mqportails.online\/?page_id=6"},"modified":"2023-03-31T06:51:42","modified_gmt":"2023-03-31T04:51:42","slug":"a-propos-de","status":"publish","type":"page","link":"https:\/\/zen2050.mqportails.online\/","title":{"rendered":"Notre mission"},"content":{"rendered":"\n<p class=\"has-pale-cyan-blue-background-color has-background\">La journ\u00e9e du 13 Mai 2023 \u00e0 Sceaux sera l'occasion pour vous de nous conna\u00eetre mieux, de rencontrer de nombreuses associations partenaires et de participer aux C\u00e9l\u00e8bres Fresques du Climat, du Num\u00e9rique et de la Mobilit\u00e9. <\/p>\n\n\n\n<div class=\"is-layout-flex wp-block-buttons\">\n<div class=\"wp-block-button is-style-fill\"><a class=\"wp-block-button__link wp-element-button\" href=\"https:\/\/zen2050.mqportails.online\/index.php\/blog\/la-journee-du-13-mai\/\"><center><h6>Inscrivez-vous<\/h6><\/center><\/a><\/div>\n<\/div>\n\n\n\n<hr class=\"wp-block-separator has-alpha-channel-opacity\"\/>\n\n\n\n<h1>Zen 2050 maintenant<\/h1>\n\n\n\n<div class=\"wp-block-media-text alignwide has-media-on-the-right is-stacked-on-mobile is-image-fill has-white-background-color has-background\" style=\"grid-template-columns:auto 30%\"><div class=\"wp-block-media-text__content\">\n<p class=\"has-large-font-size\">D\u00e9carboner notre mode de vie<\/p>\n\n\n\n<p>Contribuer de mani\u00e8re significative \u00e0 la r\u00e9duction locale de nos \u00e9missions de gaz \u00e0 effet de serre et de notre empreinte carbone. <\/p>\n\n\n\n<p>Concret: \u00e0 travers des projets pr\u00e9cis, ouverts \u00e0 tous, ins\u00e9r\u00e9s dans les plans climat des collectivit\u00e9s territoriales<\/p>\n\n\n\n<p>Local: dans un premier temps les communes de Vall\u00e9e Sud Grand Paris: Sceaux, Bourg la Reine, Antony; Chatenay-Malabry, Le Plessis-Robinson, Fontenay aux Roses, Bagneux, Clamart, Chatillon, Montrouge, Malakoff.<\/p>\n<\/div><figure class=\"wp-block-media-text__media\" style=\"background-image:url(https:\/\/zen2050.mqportails.online\/wp-content\/uploads\/2023\/02\/capt1-300x198.jpg);background-position:50% 50%\"><img decoding=\"async\" width=\"300\" height=\"198\" src=\"https:\/\/i0.wp.com\/zen2050.mqportails.online\/wp-content\/uploads\/2023\/02\/capt1.jpg?resize=300%2C198&#038;ssl=1\" alt=\"\" class=\"wp-image-266 size-medium\" srcset=\"https:\/\/i0.wp.com\/zen2050.mqportails.online\/wp-content\/uploads\/2023\/02\/capt1.jpg?resize=300%2C198&amp;ssl=1 300w, https:\/\/i0.wp.com\/zen2050.mqportails.online\/wp-content\/uploads\/2023\/02\/capt1.jpg?w=564&amp;ssl=1 564w\" sizes=\"(max-width: 300px) 100vw, 300px\" data-recalc-dims=\"1\" \/><\/figure><\/div>\n\n\n\n<p><\/p>\n\n\n\n<div class=\"wp-block-media-text alignwide is-stacked-on-mobile is-image-fill\" style=\"grid-template-columns:31% auto\"><figure class=\"wp-block-media-text__media\" style=\"background-image:url(https:\/\/zen2050.mqportails.online\/wp-content\/uploads\/2023\/02\/low-co2-300x169.jpg);background-position:50% 50%\"><img decoding=\"async\" width=\"300\" height=\"169\" src=\"https:\/\/i0.wp.com\/zen2050.mqportails.online\/wp-content\/uploads\/2023\/02\/low-co2.jpg?resize=300%2C169&#038;ssl=1\" alt=\"\" class=\"wp-image-274 size-medium\" srcset=\"https:\/\/i0.wp.com\/zen2050.mqportails.online\/wp-content\/uploads\/2023\/02\/low-co2.jpg?resize=300%2C169&amp;ssl=1 300w, https:\/\/i0.wp.com\/zen2050.mqportails.online\/wp-content\/uploads\/2023\/02\/low-co2.jpg?resize=320%2C180&amp;ssl=1 320w, https:\/\/i0.wp.com\/zen2050.mqportails.online\/wp-content\/uploads\/2023\/02\/low-co2.jpg?w=612&amp;ssl=1 612w\" sizes=\"(max-width: 300px) 100vw, 300px\" data-recalc-dims=\"1\" \/><\/figure><div class=\"wp-block-media-text__content\">\n<p class=\"has-large-font-size\"><strong>Une mani\u00e8re d'\u00eatre<\/strong><\/p>\n\n\n\n<ul>\n<li>Donner envie de d\u00e9couvrir, comprendre, passer \u00e0 l\u2019action<\/li>\n\n\n\n<li>Pr\u00eater attention aux ordres de grandeur<\/li>\n<\/ul>\n\n\n\n<p class=\"has-large-font-size\"><strong>Une mani\u00e8re de faire<\/strong><\/p>\n\n\n\n<ul>\n<li>Mobiliser le tissu \u00e9ducatif, travailler en r\u00e9seau, en mode projet<\/li>\n\n\n\n<li>Encourager, mettre en avant de \"belles\"&nbsp;initiatives<\/li>\n\n\n\n<li>Construire avec nos villes, nos collectivit\u00e9s<\/li>\n<\/ul>\n<\/div><\/div>\n\n\n\n<p><\/p>\n\n\n\n<div class=\"wp-block-media-text alignwide has-media-on-the-right is-stacked-on-mobile is-image-fill has-white-background-color has-background\" style=\"grid-template-columns:auto 24%\"><div class=\"wp-block-media-text__content\">\n<p class=\"has-large-font-size\"><strong>Des projets<\/strong><\/p>\n\n\n\n<ul>\n<li>Balades thermiques: identifier les pertes de chaleur des logements avec une cam\u00e9ra<\/li>\n\n\n\n<li>Instruire la mise en oeuvre d'un r\u00e9seau de g\u00e9othermie \u00e0 Fontenay, Bourg la Reine et Sceaux<\/li>\n<\/ul>\n<\/div><figure class=\"wp-block-media-text__media\" style=\"background-image:url(https:\/\/zen2050.mqportails.online\/wp-content\/uploads\/2023\/02\/capt3.jpg);background-position:50% 50%\"><img decoding=\"async\" width=\"136\" height=\"192\" src=\"https:\/\/i0.wp.com\/zen2050.mqportails.online\/wp-content\/uploads\/2023\/02\/capt3.jpg?resize=136%2C192&#038;ssl=1\" alt=\"\" class=\"wp-image-280 size-full\" data-recalc-dims=\"1\"\/><\/figure><\/div>\n\n\n\n<p><\/p>\n\n\n\n<h2>Des partenariats<\/h2>\n\n\n\n<div class=\"wp-block-media-text alignwide is-stacked-on-mobile\" style=\"grid-template-columns:30% auto\"><figure class=\"wp-block-media-text__media\"><img decoding=\"async\" width=\"337\" height=\"203\" src=\"https:\/\/i0.wp.com\/zen2050.mqportails.online\/wp-content\/uploads\/2023\/02\/log1.jpg?resize=337%2C203&#038;ssl=1\" alt=\"\" class=\"wp-image-286 size-full\" srcset=\"https:\/\/i0.wp.com\/zen2050.mqportails.online\/wp-content\/uploads\/2023\/02\/log1.jpg?w=337&amp;ssl=1 337w, https:\/\/i0.wp.com\/zen2050.mqportails.online\/wp-content\/uploads\/2023\/02\/log1.jpg?resize=300%2C181&amp;ssl=1 300w\" sizes=\"(max-width: 337px) 100vw, 337px\" data-recalc-dims=\"1\" \/><\/figure><div class=\"wp-block-media-text__content\">\n<p>avec les associations: Avenir Climatique, Edu Climat, Avenir CLimatique,  Association pour la transition Bas Carbone, Labo 1.5<\/p>\n<\/div><\/div>\n\n\n\n<div class=\"wp-block-media-text alignwide has-media-on-the-right is-stacked-on-mobile\" style=\"grid-template-columns:auto 34%\"><div class=\"wp-block-media-text__content\">\n<p>avec les \u00e9coles: EPF, IUT de Sceaux, Cit\u00e9 Marie Curie de Sceaux, AJME <\/p>\n<\/div><figure class=\"wp-block-media-text__media\"><img decoding=\"async\" width=\"417\" height=\"257\" src=\"https:\/\/i0.wp.com\/zen2050.mqportails.online\/wp-content\/uploads\/2023\/02\/log2.jpg?resize=417%2C257&#038;ssl=1\" alt=\"\" class=\"wp-image-287 size-full\" srcset=\"https:\/\/i0.wp.com\/zen2050.mqportails.online\/wp-content\/uploads\/2023\/02\/log2.jpg?w=417&amp;ssl=1 417w, https:\/\/i0.wp.com\/zen2050.mqportails.online\/wp-content\/uploads\/2023\/02\/log2.jpg?resize=300%2C185&amp;ssl=1 300w\" sizes=\"(max-width: 417px) 100vw, 417px\" data-recalc-dims=\"1\" \/><\/figure><\/div>\n\n\n\n<p><\/p>\n\n\n\n<p>Pour suivre nos actualit\u00e9s, inscrivez-vous \u00e0 la newsletter<\/p>\n\n\n<p>[newsletter]<\/p>\n","protected":false},"excerpt":{"rendered":"<p>La journ\u00e9e du 13 Mai 2023 \u00e0 Sceaux sera l'occasion pour vous de nous conna\u00eetre mieux, de rencontrer de nombreuses associations partenaires et de participer aux C\u00e9l\u00e8bres Fresques du Climat, du Num\u00e9rique et de la Mobilit\u00e9. Zen 2050 maintenant D\u00e9carboner notre mode de vie Contribuer de mani\u00e8re significative \u00e0 la r\u00e9duction locale de nos \u00e9missions [&hellip;]<\/p>\n","protected":false},"author":1,"featured_media":0,"parent":0,"menu_order":0,"comment_status":"closed","ping_status":"closed","template":"","meta":[],"jetpack-related-posts":[],"_links":{"self":[{"href":"https:\/\/zen2050.mqportails.online\/index.php\/wp-json\/wp\/v2\/pages\/6"}],"collection":[{"href":"https:\/\/zen2050.mqportails.online\/index.php\/wp-json\/wp\/v2\/pages"}],"about":[{"href":"https:\/\/zen2050.mqportails.online\/index.php\/wp-json\/wp\/v2\/types\/page"}],"author":[{"embeddable":true,"href":"https:\/\/zen2050.mqportails.online\/index.php\/wp-json\/wp\/v2\/users\/1"}],"replies":[{"embeddable":true,"href":"https:\/\/zen2050.mqportails.online\/index.php\/wp-json\/wp\/v2\/comments?post=6"}],"version-history":[{"count":57,"href":"https:\/\/zen2050.mqportails.online\/index.php\/wp-json\/wp\/v2\/pages\/6\/revisions"}],"predecessor-version":[{"id":529,"href":"https:\/\/zen2050.mqportails.online\/index.php\/wp-json\/wp\/v2\/pages\/6\/revisions\/529"}],"wp:attachment":[{"href":"https:\/\/zen2050.mqportails.online\/index.php\/wp-json\/wp\/v2\/media?parent=6"}],"curies":[{"name":"wp","href":"https:\/\/api.w.org\/{rel}","templated":true}]}}