{"id":7,"date":"2023-01-12T07:36:41","date_gmt":"2023-01-12T06:36:41","guid":{"rendered":"https:\/\/zen2050.mqportails.online\/?page_id=7"},"modified":"2023-03-16T07:46:37","modified_gmt":"2023-03-16T06:46:37","slug":"contact","status":"publish","type":"page","link":"https:\/\/zen2050.mqportails.online\/index.php\/contact\/","title":{"rendered":"Rejoignez-nous"},"content":{"rendered":"\n<p>Vous pouvez vous inscrire \u00e0 notre newsletter<\/p>\n\n\n<p>[newsletter]<\/p>\n\n\n\n<p>Laissez-nous un message, nous y r\u00e9pondrons rapidement<\/p>\n\n\n<div class=\"wpforms-container wpforms-container-full\" id=\"wpforms-179\"><form id=\"wpforms-form-179\" class=\"wpforms-validate wpforms-form wpforms-ajax-form\" data-formid=\"179\" method=\"post\" enctype=\"multipart\/form-data\" action=\"\/index.php\/wp-json\/wp\/v2\/pages\/7\" data-token=\"7061d75e24436b9200b12802e2052ab7\"><noscript class=\"wpforms-error-noscript\">Veuillez activer JavaScript dans votre navigateur pour remplir ce formulaire.<\/noscript><div class=\"wpforms-field-container\"><div id=\"wpforms-179-field_0-container\" class=\"wpforms-field wpforms-field-name\" data-field-id=\"0\"><label class=\"wpforms-field-label\" for=\"wpforms-179-field_0\">Nom <span class=\"wpforms-required-label\">*<\/span><\/label><div class=\"wpforms-field-row wpforms-field-medium\"><div class=\"wpforms-field-row-block wpforms-first wpforms-one-half\"><input type=\"text\" id=\"wpforms-179-field_0\" class=\"wpforms-field-name-first wpforms-field-required\" name=\"wpforms[fields][0][first]\" required><label for=\"wpforms-179-field_0\" class=\"wpforms-field-sublabel after \">Pr\u00e9nom<\/label><\/div><div class=\"wpforms-field-row-block wpforms-one-half\"><input type=\"text\" id=\"wpforms-179-field_0-last\" class=\"wpforms-field-name-last wpforms-field-required\" name=\"wpforms[fields][0][last]\" required><label for=\"wpforms-179-field_0-last\" class=\"wpforms-field-sublabel after \">Nom<\/label><\/div><\/div><\/div><div id=\"wpforms-179-field_1-container\" class=\"wpforms-field wpforms-field-email\" data-field-id=\"1\"><label class=\"wpforms-field-label\" for=\"wpforms-179-field_1\">E-mail <span class=\"wpforms-required-label\">*<\/span><\/label><input type=\"email\" id=\"wpforms-179-field_1\" class=\"wpforms-field-medium wpforms-field-required\" name=\"wpforms[fields][1]\" spellcheck=\"false\" required><\/div><div id=\"wpforms-179-field_3-container\" class=\"wpforms-field wpforms-field-checkbox\" data-field-id=\"3\"><label class=\"wpforms-field-label\" for=\"wpforms-179-field_3\">Votre attente<\/label><ul id=\"wpforms-179-field_3\"><li class=\"choice-1 depth-1\"><input type=\"checkbox\" id=\"wpforms-179-field_3_1\" name=\"wpforms[fields][3][]\" value=\"Je suis int\u00e9ress\u00e9 pour en savoir plus\"  ><label class=\"wpforms-field-label-inline\" for=\"wpforms-179-field_3_1\">Je suis int\u00e9ress\u00e9 pour en savoir plus<\/label><\/li><li class=\"choice-2 depth-1\"><input type=\"checkbox\" id=\"wpforms-179-field_3_2\" name=\"wpforms[fields][3][]\" value=\"Je pense pouvoir contribuer aux projets\"  ><label class=\"wpforms-field-label-inline\" for=\"wpforms-179-field_3_2\">Je pense pouvoir contribuer aux projets<\/label><\/li><\/ul><\/div><div id=\"wpforms-179-field_2-container\" class=\"wpforms-field wpforms-field-textarea\" data-field-id=\"2\"><label class=\"wpforms-field-label\" for=\"wpforms-179-field_2\">Commentaire ou message<\/label><textarea id=\"wpforms-179-field_2\" class=\"wpforms-field-medium\" name=\"wpforms[fields][2]\" ><\/textarea><\/div><\/div><!-- .wpforms-field-container --><div class=\"wpforms-submit-container\" ><input type=\"hidden\" name=\"wpforms[id]\" value=\"179\"><input type=\"hidden\" name=\"wpforms[author]\" value=\"1\"><button type=\"submit\" name=\"wpforms[submit]\" id=\"wpforms-submit-179\" class=\"wpforms-submit\" data-alt-text=\"Envoi...\" data-submit-text=\"Envoyer\" aria-live=\"assertive\" value=\"wpforms-submit\">Envoyer<\/button><img src=\"https:\/\/zen2050.mqportails.online\/wp-content\/plugins\/wpforms-lite\/assets\/images\/submit-spin.svg\" class=\"wpforms-submit-spinner\" style=\"display: none;\" width=\"26\" height=\"26\" alt=\"Chargement en cours\"><\/div><\/form><\/div>  <!-- .wpforms-container -->\n","protected":false},"excerpt":{"rendered":"<p>Vous pouvez vous inscrire \u00e0 notre newsletter Laissez-nous un message, nous y r\u00e9pondrons rapidement<\/p>\n","protected":false},"author":1,"featured_media":0,"parent":0,"menu_order":10,"comment_status":"closed","ping_status":"closed","template":"","meta":[],"jetpack-related-posts":[{"id":165,"url":"https:\/\/zen2050.mqportails.online\/index.php\/newsletter\/","url_meta":{"origin":7,"position":0},"title":"Newsletter","date":"02\/02\/2023","format":false,"excerpt":"[newsletter]","rel":"","context":"Article similaire","img":{"alt_text":"","src":"","width":0,"height":0},"classes":[]},{"id":6,"url":"https:\/\/zen2050.mqportails.online\/","url_meta":{"origin":7,"position":1},"title":"Notre mission","date":"12\/01\/2023","format":false,"excerpt":"La journ\u00e9e du 13 Mai 2023 \u00e0 Sceaux sera l'occasion pour vous de nous conna\u00eetre mieux, de rencontrer de nombreuses associations partenaires et de participer aux C\u00e9l\u00e8bres Fresques du Climat, du Num\u00e9rique et de la Mobilit\u00e9. Inscrivez-vous Zen 2050 maintenant D\u00e9carboner notre mode de vie Contribuer de mani\u00e8re significative \u00e0\u2026","rel":"","context":"Article similaire","img":{"alt_text":"","src":"https:\/\/i0.wp.com\/zen2050.mqportails.online\/wp-content\/uploads\/2023\/02\/capt1.jpg?resize=350%2C200&ssl=1","width":350,"height":200},"classes":[]},{"id":42,"url":"https:\/\/zen2050.mqportails.online\/index.php\/lassociation\/","url_meta":{"origin":7,"position":2},"title":"Nos actions","date":"18\/01\/2023","format":false,"excerpt":"Zen 2050, c'est Z\u00e9ro Emmision Nette de gazs \u00e0 effet se serre ne 2050. C'est un engagement de l'Union Europ\u00e9enne et de l'ONU. Zen2050maintenant est une association originaire du 92, pr\u00e9cis\u00e9ment de la communaut\u00e9 d'agglom\u00e9rations Vall\u00e9e Sud Grand Paris. Nous d\u00e9fendons des projets concrets, locaux en coh\u00e9rence avec les actions\u2026","rel":"","context":"Article similaire","img":{"alt_text":"","src":"","width":0,"height":0},"classes":[]}],"_links":{"self":[{"href":"https:\/\/zen2050.mqportails.online\/index.php\/wp-json\/wp\/v2\/pages\/7"}],"collection":[{"href":"https:\/\/zen2050.mqportails.online\/index.php\/wp-json\/wp\/v2\/pages"}],"about":[{"href":"https:\/\/zen2050.mqportails.online\/index.php\/wp-json\/wp\/v2\/types\/page"}],"author":[{"embeddable":true,"href":"https:\/\/zen2050.mqportails.online\/index.php\/wp-json\/wp\/v2\/users\/1"}],"replies":[{"embeddable":true,"href":"https:\/\/zen2050.mqportails.online\/index.php\/wp-json\/wp\/v2\/comments?post=7"}],"version-history":[{"count":6,"href":"https:\/\/zen2050.mqportails.online\/index.php\/wp-json\/wp\/v2\/pages\/7\/revisions"}],"predecessor-version":[{"id":477,"href":"https:\/\/zen2050.mqportails.online\/index.php\/wp-json\/wp\/v2\/pages\/7\/revisions\/477"}],"wp:attachment":[{"href":"https:\/\/zen2050.mqportails.online\/index.php\/wp-json\/wp\/v2\/media?parent=7"}],"curies":[{"name":"wp","href":"https:\/\/api.w.org\/{rel}","templated":true}]}}